{"id":780,"date":"2025-10-21T16:33:06","date_gmt":"2025-10-21T16:33:06","guid":{"rendered":"http:\/\/optvack.cluster100.hosting.ovh.net\/?page_id=780"},"modified":"2025-10-25T09:42:10","modified_gmt":"2025-10-25T09:42:10","slug":"assistante-monteur","status":"publish","type":"page","link":"https:\/\/optvacademie.fr\/index.php\/metiers\/assistante-monteur\/","title":{"rendered":"Assistant(e)  monteur"},"content":{"rendered":"\t\t<div data-elementor-type=\"wp-page\" data-elementor-id=\"780\" class=\"elementor elementor-780\">\n\t\t\t\t<div class=\"elementor-element elementor-element-45470ae e-flex e-con-boxed wpr-particle-no wpr-jarallax-no wpr-parallax-no wpr-sticky-section-no e-con e-parent\" data-id=\"45470ae\" data-element_type=\"container\" data-settings=\"{&quot;background_background&quot;:&quot;classic&quot;}\">\n\t\t\t\t\t<div class=\"e-con-inner\">\n\t\t<div class=\"elementor-element elementor-element-81ddef1 e-con-full e-flex wpr-particle-no wpr-jarallax-no wpr-parallax-no wpr-sticky-section-no e-con e-child\" data-id=\"81ddef1\" data-element_type=\"container\">\n\t\t\t\t<div class=\"elementor-element elementor-element-953acca elementor-widget elementor-widget-heading\" data-id=\"953acca\" data-element_type=\"widget\" data-widget_type=\"heading.default\">\n\t\t\t\t\t<h2 class=\"elementor-heading-title elementor-size-default\">Assistant(e) \nmonteur<\/h2>\t\t\t\t<\/div>\n\t\t\t\t<\/div>\n\t\t\t\t\t<\/div>\n\t\t\t\t<\/div>\n\t\t<div class=\"elementor-element elementor-element-6e96823 e-flex e-con-boxed wpr-particle-no wpr-jarallax-no wpr-parallax-no wpr-sticky-section-no e-con e-parent\" data-id=\"6e96823\" data-element_type=\"container\">\n\t\t\t\t\t<div class=\"e-con-inner\">\n\t\t\t\t<div class=\"elementor-element elementor-element-057b351 elementor-widget elementor-widget-heading\" data-id=\"057b351\" data-element_type=\"widget\" data-widget_type=\"heading.default\">\n\t\t\t\t\t<h2 class=\"elementor-heading-title elementor-size-default\">Le m\u00e9tier<\/h2>\t\t\t\t<\/div>\n\t\t\t\t<div class=\"elementor-element elementor-element-95d495f elementor-widget elementor-widget-heading\" data-id=\"95d495f\" data-element_type=\"widget\" data-widget_type=\"heading.default\">\n\t\t\t\t\t<h2 class=\"elementor-heading-title elementor-size-default\">L\u2019assistant monteur est le premier maillon de la cha\u00eene du montage. Il pr\u00e9pare le travail du monteur principal : il trie les rushes, synchronise les sons et les images, classe les fichiers et pr\u00e9pare les s\u00e9quences. Ce poste exige une organisation sans faille et une parfaite connaissance des formats vid\u00e9o et des outils informatiques. C\u2019est un m\u00e9tier technique mais \u00e9galement formateur, qui permet d\u2019acqu\u00e9rir une vision globale du processus de postproduction.<\/h2>\t\t\t\t<\/div>\n\t\t\t\t\t<\/div>\n\t\t\t\t<\/div>\n\t\t<div class=\"elementor-element elementor-element-ef53b13 e-flex e-con-boxed wpr-particle-no wpr-jarallax-no wpr-parallax-no wpr-sticky-section-no e-con e-parent\" data-id=\"ef53b13\" data-element_type=\"container\">\n\t\t\t\t\t<div class=\"e-con-inner\">\n\t\t\t\t<div class=\"elementor-element elementor-element-13d37db elementor-widget elementor-widget-heading\" data-id=\"13d37db\" data-element_type=\"widget\" data-widget_type=\"heading.default\">\n\t\t\t\t\t<h2 class=\"elementor-heading-title elementor-size-default\">La formation<\/h2>\t\t\t\t<\/div>\n\t\t\t\t<div class=\"elementor-element elementor-element-0bd2c5e elementor-widget elementor-widget-heading\" data-id=\"0bd2c5e\" data-element_type=\"widget\" data-widget_type=\"heading.default\">\n\t\t\t\t\t<h2 class=\"elementor-heading-title elementor-size-default\">Pour y acc\u00e9der, le BTS M\u00e9tiers de l\u2019Audiovisuel \u2013 option Montage est la formation la plus adapt\u00e9e. Des stages en soci\u00e9t\u00e9s de production ou de postproduction permettent ensuite de d\u00e9velopper une v\u00e9ritable exp\u00e9rience terrain.<\/h2>\t\t\t\t<\/div>\n\t\t\t\t\t<\/div>\n\t\t\t\t<\/div>\n\t\t<div class=\"elementor-element elementor-element-8017e78 e-flex e-con-boxed wpr-particle-no wpr-jarallax-no wpr-parallax-no wpr-sticky-section-no e-con e-parent\" data-id=\"8017e78\" data-element_type=\"container\">\n\t\t\t\t\t<div class=\"e-con-inner\">\n\t\t<div class=\"elementor-element elementor-element-116959b e-con-full e-flex wpr-particle-no wpr-jarallax-no wpr-parallax-no wpr-sticky-section-no e-con e-child\" data-id=\"116959b\" data-element_type=\"container\">\n\t\t<div class=\"elementor-element elementor-element-60252ce e-con-full e-flex wpr-particle-no wpr-jarallax-no wpr-parallax-no wpr-sticky-section-no e-con e-child\" data-id=\"60252ce\" data-element_type=\"container\" data-settings=\"{&quot;background_background&quot;:&quot;classic&quot;}\">\n\t\t\t\t<div class=\"elementor-element elementor-element-81a3157 elementor-widget elementor-widget-heading\" data-id=\"81a3157\" data-element_type=\"widget\" data-widget_type=\"heading.default\">\n\t\t\t\t\t<h2 class=\"elementor-heading-title elementor-size-default\">Option  montage et  postproduction<\/h2>\t\t\t\t<\/div>\n\t\t<div class=\"elementor-element elementor-element-6969051 e-con-full e-flex wpr-particle-no wpr-jarallax-no wpr-parallax-no wpr-sticky-section-no e-con e-child\" data-id=\"6969051\" data-element_type=\"container\">\n\t\t\t\t<div class=\"elementor-element elementor-element-d2153a7 elementor-widget elementor-widget-heading\" data-id=\"d2153a7\" data-element_type=\"widget\" data-widget_type=\"heading.default\">\n\t\t\t\t\t<h2 class=\"elementor-heading-title elementor-size-default\">* Rentr\u00e9e  - septembre - <\/h2>\t\t\t\t<\/div>\n\t\t\t\t<div class=\"elementor-element elementor-element-b396ec1 elementor-widget elementor-widget-heading\" data-id=\"b396ec1\" data-element_type=\"widget\" data-widget_type=\"heading.default\">\n\t\t\t\t\t<h2 class=\"elementor-heading-title elementor-size-default\">* Admissible  - Bac -<\/h2>\t\t\t\t<\/div>\n\t\t\t\t<div class=\"elementor-element elementor-element-8152c9c elementor-widget elementor-widget-heading\" data-id=\"8152c9c\" data-element_type=\"widget\" data-widget_type=\"heading.default\">\n\t\t\t\t\t<h2 class=\"elementor-heading-title elementor-size-default\">* Niveau  - BAC+2 -<\/h2>\t\t\t\t<\/div>\n\t\t\t\t<div class=\"elementor-element elementor-element-7b98e09 elementor-widget elementor-widget-heading\" data-id=\"7b98e09\" data-element_type=\"widget\" data-widget_type=\"heading.default\">\n\t\t\t\t\t<h2 class=\"elementor-heading-title elementor-size-default\">* Rythme  - Alternance -<\/h2>\t\t\t\t<\/div>\n\t\t\t\t<div class=\"elementor-element elementor-element-595ef14 elementor-widget elementor-widget-heading\" data-id=\"595ef14\" data-element_type=\"widget\" data-widget_type=\"heading.default\">\n\t\t\t\t\t<h2 class=\"elementor-heading-title elementor-size-default\">* Dur\u00e9e  - 2 ans -<\/h2>\t\t\t\t<\/div>\n\t\t\t\t<\/div>\n\t\t<div class=\"elementor-element elementor-element-c9898fd e-con-full e-flex wpr-particle-no wpr-jarallax-no wpr-parallax-no wpr-sticky-section-no e-con e-child\" data-id=\"c9898fd\" data-element_type=\"container\">\n\t\t\t\t<div class=\"elementor-element elementor-element-0ca05f3 elementor-align-center elementor-widget elementor-widget-button\" data-id=\"0ca05f3\" data-element_type=\"widget\" data-widget_type=\"button.default\">\n\t\t\t\t\t\t\t\t\t\t<a class=\"elementor-button elementor-button-link elementor-size-sm\" href=\"https:\/\/optvacademie.fr\/index.php\/bts-audiovisuel\/option-montage-et-postproduction\/\">\n\t\t\t\t\t\t<span class=\"elementor-button-content-wrapper\">\n\t\t\t\t\t\t\t\t\t<span class=\"elementor-button-text\">-en savoir plus-<\/span>\n\t\t\t\t\t<\/span>\n\t\t\t\t\t<\/a>\n\t\t\t\t\t\t\t\t<\/div>\n\t\t\t\t<\/div>\n\t\t\t\t<\/div>\n\t\t\t\t<\/div>\n\t\t\t\t\t<\/div>\n\t\t\t\t<\/div>\n\t\t<div class=\"elementor-element elementor-element-ff9e774 e-flex e-con-boxed wpr-particle-no wpr-jarallax-no wpr-parallax-no wpr-sticky-section-no e-con e-parent\" data-id=\"ff9e774\" data-element_type=\"container\">\n\t\t\t\t\t<div class=\"e-con-inner\">\n\t\t\t\t<div class=\"elementor-element elementor-element-fb85ad9 elementor-widget elementor-widget-heading\" data-id=\"fb85ad9\" data-element_type=\"widget\" data-widget_type=\"heading.default\">\n\t\t\t\t\t<h2 class=\"elementor-heading-title elementor-size-default\">L\u2019exigence au c\u0153ur du m\u00e9tier<\/h2>\t\t\t\t<\/div>\n\t\t\t\t<div class=\"elementor-element elementor-element-9dcd633 elementor-widget elementor-widget-heading\" data-id=\"9dcd633\" data-element_type=\"widget\" data-widget_type=\"heading.default\">\n\t\t\t\t\t<h2 class=\"elementor-heading-title elementor-size-default\">Le salaire moyen d\u2019un assistant monteur d\u00e9bute autour de 1 500 \u20ac brut mensuels, et peut \u00e9voluer jusqu\u2019\u00e0 2 400 \u20ac brut apr\u00e8s quelques ann\u00e9es. Ce poste est souvent une \u00e9tape vers celui de monteur vid\u00e9o ou chef monteur.<\/h2>\t\t\t\t<\/div>\n\t\t\t\t\t<\/div>\n\t\t\t\t<\/div>\n\t\t<div class=\"elementor-element elementor-element-1a91f445 e-con-full e-flex wpr-particle-no wpr-jarallax-no wpr-parallax-no wpr-sticky-section-no e-con e-parent\" data-id=\"1a91f445\" data-element_type=\"container\" data-settings=\"{&quot;background_background&quot;:&quot;classic&quot;}\">\n\t\t<div class=\"elementor-element elementor-element-dc01044 e-con-full e-flex wpr-particle-no wpr-jarallax-no wpr-parallax-no wpr-sticky-section-no e-con e-child\" data-id=\"dc01044\" data-element_type=\"container\">\n\t\t<div class=\"elementor-element elementor-element-4754e3d5 e-con-full e-flex wpr-particle-no wpr-jarallax-no wpr-parallax-no wpr-sticky-section-no e-con e-child\" data-id=\"4754e3d5\" data-element_type=\"container\">\n\t\t\t\t<div class=\"elementor-element elementor-element-3ee7f69f elementor-widget elementor-widget-image\" data-id=\"3ee7f69f\" data-element_type=\"widget\" data-widget_type=\"image.default\">\n\t\t\t\t\t\t\t\t\t\t\t\t\t\t\t<img fetchpriority=\"high\" decoding=\"async\" width=\"1513\" height=\"763\" src=\"https:\/\/optvacademie.fr\/wp-content\/uploads\/2025\/10\/Calque-1-copie.png\" class=\"attachment-full size-full wp-image-13\" alt=\"\" srcset=\"https:\/\/optvacademie.fr\/wp-content\/uploads\/2025\/10\/Calque-1-copie.png 1513w, https:\/\/optvacademie.fr\/wp-content\/uploads\/2025\/10\/Calque-1-copie-300x151.png 300w, https:\/\/optvacademie.fr\/wp-content\/uploads\/2025\/10\/Calque-1-copie-1024x516.png 1024w, https:\/\/optvacademie.fr\/wp-content\/uploads\/2025\/10\/Calque-1-copie-768x387.png 768w\" sizes=\"(max-width: 1513px) 100vw, 1513px\" \/>\t\t\t\t\t\t\t\t\t\t\t\t\t\t\t<\/div>\n\t\t\t\t<\/div>\n\t\t\t\t<div class=\"elementor-element elementor-element-50c68d93 elementor-widget-divider--view-line elementor-widget elementor-widget-divider\" data-id=\"50c68d93\" data-element_type=\"widget\" data-widget_type=\"divider.default\">\n\t\t\t\t\t\t\t<div class=\"elementor-divider\">\n\t\t\t<span class=\"elementor-divider-separator\">\n\t\t\t\t\t\t<\/span>\n\t\t<\/div>\n\t\t\t\t\t\t<\/div>\n\t\t\t\t<div class=\"elementor-element elementor-element-4df1936b elementor-widget elementor-widget-heading\" data-id=\"4df1936b\" data-element_type=\"widget\" data-widget_type=\"heading.default\">\n\t\t\t\t\t<h2 class=\"elementor-heading-title elementor-size-default\">OPTV Acad\u00e9mie, fond\u00e9e en 2025 par OP T\u00e9l\u00e9vision, est un centre de formation innovant qui combine expertise p\u00e9dagogique et immersion professionnelle dans le secteur de l\u2019audiovisuel. L\u2019acad\u00e9mie r\u00e9pond \u00e0 un besoin croissant : offrir aux jeunes talents une formation de qualit\u00e9, ax\u00e9e sur les m\u00e9tiers de l\u2019image, de la production, du montage et de la postproduction, tout en favorisant leur insertion rapide sur le march\u00e9 du travail.<\/h2>\t\t\t\t<\/div>\n\t\t\t\t<\/div>\n\t\t<div class=\"elementor-element elementor-element-70dcfeed e-con-full e-flex wpr-particle-no wpr-jarallax-no wpr-parallax-no wpr-sticky-section-no e-con e-child\" data-id=\"70dcfeed\" data-element_type=\"container\">\n\t\t\t\t<div class=\"elementor-element elementor-element-16a01dbb elementor-widget elementor-widget-heading\" data-id=\"16a01dbb\" data-element_type=\"widget\" data-widget_type=\"heading.default\">\n\t\t\t\t\t<h2 class=\"elementor-heading-title elementor-size-default\">LIENS RAPIDES :<\/h2>\t\t\t\t<\/div>\n\t\t\t\t<div class=\"elementor-element elementor-element-7c4a7ade elementor-widget-divider--view-line elementor-widget elementor-widget-divider\" data-id=\"7c4a7ade\" data-element_type=\"widget\" data-widget_type=\"divider.default\">\n\t\t\t\t\t\t\t<div class=\"elementor-divider\">\n\t\t\t<span class=\"elementor-divider-separator\">\n\t\t\t\t\t\t<\/span>\n\t\t<\/div>\n\t\t\t\t\t\t<\/div>\n\t\t\t\t<div class=\"elementor-element elementor-element-13477143 elementor-widget elementor-widget-button\" data-id=\"13477143\" data-element_type=\"widget\" data-widget_type=\"button.default\">\n\t\t\t\t\t\t\t\t\t\t<a class=\"elementor-button elementor-button-link elementor-size-sm\" href=\"https:\/\/optvacademie.fr\/index.php\/bts-audiovisuel\/\">\n\t\t\t\t\t\t<span class=\"elementor-button-content-wrapper\">\n\t\t\t\t\t\t\t\t\t<span class=\"elementor-button-text\">BTS<\/span>\n\t\t\t\t\t<\/span>\n\t\t\t\t\t<\/a>\n\t\t\t\t\t\t\t\t<\/div>\n\t\t\t\t<div class=\"elementor-element elementor-element-5b2a9912 elementor-widget elementor-widget-button\" data-id=\"5b2a9912\" data-element_type=\"widget\" data-widget_type=\"button.default\">\n\t\t\t\t\t\t\t\t\t\t<a class=\"elementor-button elementor-button-link elementor-size-sm\" href=\"https:\/\/optvacademie.fr\/index.php\/bachelor\/\">\n\t\t\t\t\t\t<span class=\"elementor-button-content-wrapper\">\n\t\t\t\t\t\t\t\t\t<span class=\"elementor-button-text\">Bachelors<\/span>\n\t\t\t\t\t<\/span>\n\t\t\t\t\t<\/a>\n\t\t\t\t\t\t\t\t<\/div>\n\t\t\t\t<div class=\"elementor-element elementor-element-1029e926 elementor-widget elementor-widget-button\" data-id=\"1029e926\" data-element_type=\"widget\" data-widget_type=\"button.default\">\n\t\t\t\t\t\t\t\t\t\t<a class=\"elementor-button elementor-button-link elementor-size-sm\" href=\"https:\/\/optvacademie.fr\/index.php\/master-mastere\/\">\n\t\t\t\t\t\t<span class=\"elementor-button-content-wrapper\">\n\t\t\t\t\t\t\t\t\t<span class=\"elementor-button-text\">Mast\u00e8res<\/span>\n\t\t\t\t\t<\/span>\n\t\t\t\t\t<\/a>\n\t\t\t\t\t\t\t\t<\/div>\n\t\t\t\t<div class=\"elementor-element elementor-element-2f59c4a0 elementor-widget elementor-widget-button\" data-id=\"2f59c4a0\" data-element_type=\"widget\" data-widget_type=\"button.default\">\n\t\t\t\t\t\t\t\t\t\t<a class=\"elementor-button elementor-button-link elementor-size-sm\" href=\"https:\/\/optvacademie.fr\/index.php\/master-mastere\/\">\n\t\t\t\t\t\t<span class=\"elementor-button-content-wrapper\">\n\t\t\t\t\t\t\t\t\t<span class=\"elementor-button-text\">Masters<\/span>\n\t\t\t\t\t<\/span>\n\t\t\t\t\t<\/a>\n\t\t\t\t\t\t\t\t<\/div>\n\t\t\t\t<\/div>\n\t\t<div class=\"elementor-element elementor-element-e5a5524 e-con-full e-flex wpr-particle-no wpr-jarallax-no wpr-parallax-no wpr-sticky-section-no e-con e-child\" data-id=\"e5a5524\" data-element_type=\"container\">\n\t\t\t\t<div class=\"elementor-element elementor-element-64306b9f elementor-widget elementor-widget-heading\" data-id=\"64306b9f\" data-element_type=\"widget\" data-widget_type=\"heading.default\">\n\t\t\t\t\t<h2 class=\"elementor-heading-title elementor-size-default\">CONTACT :<\/h2>\t\t\t\t<\/div>\n\t\t\t\t<div class=\"elementor-element elementor-element-1696cb09 elementor-widget-divider--view-line elementor-widget elementor-widget-divider\" data-id=\"1696cb09\" data-element_type=\"widget\" data-widget_type=\"divider.default\">\n\t\t\t\t\t\t\t<div class=\"elementor-divider\">\n\t\t\t<span class=\"elementor-divider-separator\">\n\t\t\t\t\t\t<\/span>\n\t\t<\/div>\n\t\t\t\t\t\t<\/div>\n\t\t\t\t<div class=\"elementor-element elementor-element-487e5ca elementor-align-justify elementor-widget elementor-widget-button\" data-id=\"487e5ca\" data-element_type=\"widget\" data-widget_type=\"button.default\">\n\t\t\t\t\t\t\t\t\t\t<a class=\"elementor-button elementor-size-sm\" role=\"button\">\n\t\t\t\t\t\t<span class=\"elementor-button-content-wrapper\">\n\t\t\t\t\t\t\t\t\t<span class=\"elementor-button-text\">formation@optv-acad\u00e9mie.fr<\/span>\n\t\t\t\t\t<\/span>\n\t\t\t\t\t<\/a>\n\t\t\t\t\t\t\t\t<\/div>\n\t\t\t\t<div class=\"elementor-element elementor-element-9cb857d elementor-align-left elementor-widget elementor-widget-button\" data-id=\"9cb857d\" data-element_type=\"widget\" data-widget_type=\"button.default\">\n\t\t\t\t\t\t\t\t\t\t<a class=\"elementor-button elementor-size-sm\" role=\"button\">\n\t\t\t\t\t\t<span class=\"elementor-button-content-wrapper\">\n\t\t\t\t\t\t\t\t\t<span class=\"elementor-button-text\">8 Boulevard de la Lib\u00e9ration  93200 Saint- Denis<\/span>\n\t\t\t\t\t<\/span>\n\t\t\t\t\t<\/a>\n\t\t\t\t\t\t\t\t<\/div>\n\t\t\t\t<div class=\"elementor-element elementor-element-4ef7907f elementor-align-justify elementor-widget elementor-widget-button\" data-id=\"4ef7907f\" data-element_type=\"widget\" data-widget_type=\"button.default\">\n\t\t\t\t\t\t\t\t\t\t<a class=\"elementor-button elementor-size-sm\" role=\"button\">\n\t\t\t\t\t\t<span class=\"elementor-button-content-wrapper\">\n\t\t\t\t\t\t\t\t\t<span class=\"elementor-button-text\">42 rue Raspail 97110 Pointe-\u00e0-Pitre<\/span>\n\t\t\t\t\t<\/span>\n\t\t\t\t\t<\/a>\n\t\t\t\t\t\t\t\t<\/div>\n\t\t\t\t<div class=\"elementor-element elementor-element-74f9b2c6 e-grid-align-left elementor-widget__width-initial elementor-shape-rounded elementor-grid-0 elementor-widget elementor-widget-social-icons\" data-id=\"74f9b2c6\" data-element_type=\"widget\" data-widget_type=\"social-icons.default\">\n\t\t\t\t\t\t\t<div class=\"elementor-social-icons-wrapper elementor-grid\" role=\"list\">\n\t\t\t\t\t\t\t<span class=\"elementor-grid-item\" role=\"listitem\">\n\t\t\t\t\t<a class=\"elementor-icon elementor-social-icon elementor-social-icon-instagram elementor-repeater-item-e9ea05a\" href=\"https:\/\/www.instagram.com\/optvacademie?utm_source=ig_web_button_share_sheet&#038;igsh=ZDNlZDc0MzIxNw==\" target=\"_blank\">\n\t\t\t\t\t\t<span class=\"elementor-screen-only\">Instagram<\/span>\n\t\t\t\t\t\t<svg aria-hidden=\"true\" class=\"e-font-icon-svg e-fab-instagram\" viewBox=\"0 0 448 512\" xmlns=\"http:\/\/www.w3.org\/2000\/svg\"><path d=\"M224.1 141c-63.6 0-114.9 51.3-114.9 114.9s51.3 114.9 114.9 114.9S339 319.5 339 255.9 287.7 141 224.1 141zm0 189.6c-41.1 0-74.7-33.5-74.7-74.7s33.5-74.7 74.7-74.7 74.7 33.5 74.7 74.7-33.6 74.7-74.7 74.7zm146.4-194.3c0 14.9-12 26.8-26.8 26.8-14.9 0-26.8-12-26.8-26.8s12-26.8 26.8-26.8 26.8 12 26.8 26.8zm76.1 27.2c-1.7-35.9-9.9-67.7-36.2-93.9-26.2-26.2-58-34.4-93.9-36.2-37-2.1-147.9-2.1-184.9 0-35.8 1.7-67.6 9.9-93.9 36.1s-34.4 58-36.2 93.9c-2.1 37-2.1 147.9 0 184.9 1.7 35.9 9.9 67.7 36.2 93.9s58 34.4 93.9 36.2c37 2.1 147.9 2.1 184.9 0 35.9-1.7 67.7-9.9 93.9-36.2 26.2-26.2 34.4-58 36.2-93.9 2.1-37 2.1-147.8 0-184.8zM398.8 388c-7.8 19.6-22.9 34.7-42.6 42.6-29.5 11.7-99.5 9-132.1 9s-102.7 2.6-132.1-9c-19.6-7.8-34.7-22.9-42.6-42.6-11.7-29.5-9-99.5-9-132.1s-2.6-102.7 9-132.1c7.8-19.6 22.9-34.7 42.6-42.6 29.5-11.7 99.5-9 132.1-9s102.7-2.6 132.1 9c19.6 7.8 34.7 22.9 42.6 42.6 11.7 29.5 9 99.5 9 132.1s2.7 102.7-9 132.1z\"><\/path><\/svg>\t\t\t\t\t<\/a>\n\t\t\t\t<\/span>\n\t\t\t\t\t\t\t<span class=\"elementor-grid-item\" role=\"listitem\">\n\t\t\t\t\t<a class=\"elementor-icon elementor-social-icon elementor-social-icon-linkedin elementor-repeater-item-1a470b9\" href=\"https:\/\/www.linkedin.com\/in\/optv-op-academie-5b8625385\/\" target=\"_blank\">\n\t\t\t\t\t\t<span class=\"elementor-screen-only\">Linkedin<\/span>\n\t\t\t\t\t\t<svg aria-hidden=\"true\" class=\"e-font-icon-svg e-fab-linkedin\" viewBox=\"0 0 448 512\" xmlns=\"http:\/\/www.w3.org\/2000\/svg\"><path d=\"M416 32H31.9C14.3 32 0 46.5 0 64.3v383.4C0 465.5 14.3 480 31.9 480H416c17.6 0 32-14.5 32-32.3V64.3c0-17.8-14.4-32.3-32-32.3zM135.4 416H69V202.2h66.5V416zm-33.2-243c-21.3 0-38.5-17.3-38.5-38.5S80.9 96 102.2 96c21.2 0 38.5 17.3 38.5 38.5 0 21.3-17.2 38.5-38.5 38.5zm282.1 243h-66.4V312c0-24.8-.5-56.7-34.5-56.7-34.6 0-39.9 27-39.9 54.9V416h-66.4V202.2h63.7v29.2h.9c8.9-16.8 30.6-34.5 62.9-34.5 67.2 0 79.7 44.3 79.7 101.9V416z\"><\/path><\/svg>\t\t\t\t\t<\/a>\n\t\t\t\t<\/span>\n\t\t\t\t\t<\/div>\n\t\t\t\t\t\t<\/div>\n\t\t\t\t<\/div>\n\t\t<div class=\"elementor-element elementor-element-f8dc76f e-con-full e-flex wpr-particle-no wpr-jarallax-no wpr-parallax-no wpr-sticky-section-no e-con e-child\" data-id=\"f8dc76f\" data-element_type=\"container\">\n\t\t\t\t<\/div>\n\t\t\t\t<\/div>\n\t\t\t\t<\/div>\n\t\t","protected":false},"excerpt":{"rendered":"<p>Assistant(e) monteur Le m\u00e9tier L\u2019assistant monteur est le premier maillon de la cha\u00eene du montage. Il pr\u00e9pare le travail du monteur principal : il trie les rushes, synchronise les sons et les images, classe les fichiers et pr\u00e9pare les s\u00e9quences. Ce poste exige une organisation sans faille et une parfaite connaissance des formats vid\u00e9o et des outils informatiques. C\u2019est un m\u00e9tier technique mais \u00e9galement formateur, qui permet d\u2019acqu\u00e9rir une vision globale du processus de postproduction. La formation Pour y acc\u00e9der, le BTS M\u00e9tiers de l\u2019Audiovisuel \u2013 option Montage est la formation la plus adapt\u00e9e. Des stages en soci\u00e9t\u00e9s de production ou de postproduction permettent ensuite de d\u00e9velopper une v\u00e9ritable exp\u00e9rience terrain. Option montage et postproduction * Rentr\u00e9e &#8211; septembre &#8211; * Admissible &#8211; Bac &#8211; * Niveau &#8211; BAC+2 &#8211; * Rythme &#8211; Alternance &#8211; * Dur\u00e9e &#8211; 2 ans &#8211; -en savoir plus- L\u2019exigence au c\u0153ur du m\u00e9tier Le salaire moyen d\u2019un assistant monteur d\u00e9bute autour de 1 500 \u20ac brut mensuels, et peut \u00e9voluer jusqu\u2019\u00e0 2 400 \u20ac brut apr\u00e8s quelques ann\u00e9es. Ce poste est souvent une \u00e9tape vers celui de monteur vid\u00e9o ou chef monteur. OPTV Acad\u00e9mie, fond\u00e9e en 2025 par OP T\u00e9l\u00e9vision, est un centre de formation innovant qui combine expertise p\u00e9dagogique et immersion professionnelle dans le secteur de l\u2019audiovisuel. L\u2019acad\u00e9mie r\u00e9pond \u00e0 un besoin croissant : offrir aux jeunes talents une formation de qualit\u00e9, ax\u00e9e sur les m\u00e9tiers de l\u2019image, de la production, du montage et de la postproduction, tout en favorisant leur insertion rapide sur le march\u00e9 du travail. LIENS RAPIDES : BTS Bachelors Mast\u00e8res Masters CONTACT : formation@optv-acad\u00e9mie.fr 8 Boulevard de la Lib\u00e9ration 93200 Saint- Denis 42 rue Raspail 97110 Pointe-\u00e0-Pitre Instagram Linkedin<\/p>\n","protected":false},"author":1,"featured_media":0,"parent":530,"menu_order":0,"comment_status":"closed","ping_status":"closed","template":"","meta":{"site-sidebar-layout":"no-sidebar","site-content-layout":"","ast-site-content-layout":"full-width-container","site-content-style":"unboxed","site-sidebar-style":"unboxed","ast-global-header-display":"","ast-banner-title-visibility":"disabled","ast-main-header-display":"","ast-hfb-above-header-display":"","ast-hfb-below-header-display":"","ast-hfb-mobile-header-display":"","site-post-title":"disabled","ast-breadcrumbs-content":"disabled","ast-featured-img":"disabled","footer-sml-layout":"disabled","theme-transparent-header-meta":"default","adv-header-id-meta":"","stick-header-meta":"","header-above-stick-meta":"","header-main-stick-meta":"","header-below-stick-meta":"","astra-migrate-meta-layouts":"set","ast-page-background-enabled":"default","ast-page-background-meta":{"desktop":{"background-color":"var(--ast-global-color-5)","background-image":"","background-repeat":"repeat","background-position":"center center","background-size":"auto","background-attachment":"scroll","background-type":"","background-media":"","overlay-type":"","overlay-color":"","overlay-opacity":"","overlay-gradient":""},"tablet":{"background-color":"","background-image":"","background-repeat":"repeat","background-position":"center center","background-size":"auto","background-attachment":"scroll","background-type":"","background-media":"","overlay-type":"","overlay-color":"","overlay-opacity":"","overlay-gradient":""},"mobile":{"background-color":"","background-image":"","background-repeat":"repeat","background-position":"center center","background-size":"auto","background-attachment":"scroll","background-type":"","background-media":"","overlay-type":"","overlay-color":"","overlay-opacity":"","overlay-gradient":""}},"ast-content-background-meta":{"desktop":{"background-color":"var(--ast-global-color-4)","background-image":"","background-repeat":"repeat","background-position":"center center","background-size":"auto","background-attachment":"scroll","background-type":"","background-media":"","overlay-type":"","overlay-color":"","overlay-opacity":"","overlay-gradient":""},"tablet":{"background-color":"var(--ast-global-color-4)","background-image":"","background-repeat":"repeat","background-position":"center center","background-size":"auto","background-attachment":"scroll","background-type":"","background-media":"","overlay-type":"","overlay-color":"","overlay-opacity":"","overlay-gradient":""},"mobile":{"background-color":"var(--ast-global-color-4)","background-image":"","background-repeat":"repeat","background-position":"center center","background-size":"auto","background-attachment":"scroll","background-type":"","background-media":"","overlay-type":"","overlay-color":"","overlay-opacity":"","overlay-gradient":""}},"footnotes":""},"class_list":["post-780","page","type-page","status-publish","hentry"],"_links":{"self":[{"href":"https:\/\/optvacademie.fr\/index.php\/wp-json\/wp\/v2\/pages\/780","targetHints":{"allow":["GET"]}}],"collection":[{"href":"https:\/\/optvacademie.fr\/index.php\/wp-json\/wp\/v2\/pages"}],"about":[{"href":"https:\/\/optvacademie.fr\/index.php\/wp-json\/wp\/v2\/types\/page"}],"author":[{"embeddable":true,"href":"https:\/\/optvacademie.fr\/index.php\/wp-json\/wp\/v2\/users\/1"}],"replies":[{"embeddable":true,"href":"https:\/\/optvacademie.fr\/index.php\/wp-json\/wp\/v2\/comments?post=780"}],"version-history":[{"count":14,"href":"https:\/\/optvacademie.fr\/index.php\/wp-json\/wp\/v2\/pages\/780\/revisions"}],"predecessor-version":[{"id":1534,"href":"https:\/\/optvacademie.fr\/index.php\/wp-json\/wp\/v2\/pages\/780\/revisions\/1534"}],"up":[{"embeddable":true,"href":"https:\/\/optvacademie.fr\/index.php\/wp-json\/wp\/v2\/pages\/530"}],"wp:attachment":[{"href":"https:\/\/optvacademie.fr\/index.php\/wp-json\/wp\/v2\/media?parent=780"}],"curies":[{"name":"wp","href":"https:\/\/api.w.org\/{rel}","templated":true}]}}