{"id":778,"date":"2025-10-21T16:32:18","date_gmt":"2025-10-21T16:32:18","guid":{"rendered":"http:\/\/optvack.cluster100.hosting.ovh.net\/?page_id=778"},"modified":"2025-10-25T09:47:02","modified_gmt":"2025-10-25T09:47:02","slug":"monteur-monteuse-video","status":"publish","type":"page","link":"https:\/\/optvacademie.fr\/index.php\/metiers\/monteur-monteuse-video\/","title":{"rendered":"Monteur \/  Monteuse vid\u00e9o"},"content":{"rendered":"\t\t<div data-elementor-type=\"wp-page\" data-elementor-id=\"778\" class=\"elementor elementor-778\">\n\t\t\t\t<div class=\"elementor-element elementor-element-b0e4996 e-flex e-con-boxed wpr-particle-no wpr-jarallax-no wpr-parallax-no wpr-sticky-section-no e-con e-parent\" data-id=\"b0e4996\" data-element_type=\"container\" data-settings=\"{&quot;background_background&quot;:&quot;classic&quot;}\">\n\t\t\t\t\t<div class=\"e-con-inner\">\n\t\t<div class=\"elementor-element elementor-element-5510e81 e-con-full e-flex wpr-particle-no wpr-jarallax-no wpr-parallax-no wpr-sticky-section-no e-con e-child\" data-id=\"5510e81\" data-element_type=\"container\">\n\t\t\t\t<div class=\"elementor-element elementor-element-8abbced elementor-widget elementor-widget-heading\" data-id=\"8abbced\" data-element_type=\"widget\" data-widget_type=\"heading.default\">\n\t\t\t\t\t<h2 class=\"elementor-heading-title elementor-size-default\">Monteur \/ \nMonteuse vid\u00e9o<\/h2>\t\t\t\t<\/div>\n\t\t\t\t<\/div>\n\t\t\t\t\t<\/div>\n\t\t\t\t<\/div>\n\t\t<div class=\"elementor-element elementor-element-5a8ecf1 e-flex e-con-boxed wpr-particle-no wpr-jarallax-no wpr-parallax-no wpr-sticky-section-no e-con e-parent\" data-id=\"5a8ecf1\" data-element_type=\"container\">\n\t\t\t\t\t<div class=\"e-con-inner\">\n\t\t\t\t<div class=\"elementor-element elementor-element-7582b40 elementor-widget elementor-widget-heading\" data-id=\"7582b40\" data-element_type=\"widget\" data-widget_type=\"heading.default\">\n\t\t\t\t\t<h2 class=\"elementor-heading-title elementor-size-default\">Le m\u00e9tier<\/h2>\t\t\t\t<\/div>\n\t\t\t\t<div class=\"elementor-element elementor-element-f8e1efa elementor-widget elementor-widget-heading\" data-id=\"f8e1efa\" data-element_type=\"widget\" data-widget_type=\"heading.default\">\n\t\t\t\t\t<h2 class=\"elementor-heading-title elementor-size-default\">Le monteur vid\u00e9o est le magicien de la postproduction. \u00c0 partir des images tourn\u00e9es, il construit le rythme, l\u2019\u00e9motion et la coh\u00e9rence d\u2019un film ou d\u2019une \u00e9mission. Il s\u00e9lectionne les meilleures s\u00e9quences, les assemble selon la narration souhait\u00e9e, ajuste les sons, les musiques et les effets visuels pour cr\u00e9er une \u0153uvre fluide et percutante. C\u2019est un m\u00e9tier o\u00f9 la cr\u00e9ativit\u00e9 rencontre la rigueur.<\/h2>\t\t\t\t<\/div>\n\t\t\t\t\t<\/div>\n\t\t\t\t<\/div>\n\t\t<div class=\"elementor-element elementor-element-e01172a e-flex e-con-boxed wpr-particle-no wpr-jarallax-no wpr-parallax-no wpr-sticky-section-no e-con e-parent\" data-id=\"e01172a\" data-element_type=\"container\">\n\t\t\t\t\t<div class=\"e-con-inner\">\n\t\t\t\t<div class=\"elementor-element elementor-element-ba1d782 elementor-widget elementor-widget-heading\" data-id=\"ba1d782\" data-element_type=\"widget\" data-widget_type=\"heading.default\">\n\t\t\t\t\t<h2 class=\"elementor-heading-title elementor-size-default\">La formation<\/h2>\t\t\t\t<\/div>\n\t\t\t\t<div class=\"elementor-element elementor-element-49b5782 elementor-widget elementor-widget-heading\" data-id=\"49b5782\" data-element_type=\"widget\" data-widget_type=\"heading.default\">\n\t\t\t\t\t<h2 class=\"elementor-heading-title elementor-size-default\">Pour exercer ce m\u00e9tier, il est recommand\u00e9 de suivre le BTS M\u00e9tiers de l\u2019Audiovisuel, option Montage et Postproduction, ou le Bachelor R\u00e9alisateur Monteur d\u2019OPTV Acad\u00e9mie. Ces formations permettent d\u2019apprendre \u00e0 ma\u00eetriser les logiciels de r\u00e9f\u00e9rence (Premiere Pro, Avid, DaVinci Resolve) et \u00e0 comprendre les exigences narratives du montage.<\/h2>\t\t\t\t<\/div>\n\t\t\t\t\t<\/div>\n\t\t\t\t<\/div>\n\t\t<div class=\"elementor-element elementor-element-4312a6c e-flex e-con-boxed wpr-particle-no wpr-jarallax-no wpr-parallax-no wpr-sticky-section-no e-con e-parent\" data-id=\"4312a6c\" data-element_type=\"container\">\n\t\t\t\t\t<div class=\"e-con-inner\">\n\t\t<div class=\"elementor-element elementor-element-17e9987 e-con-full e-flex wpr-particle-no wpr-jarallax-no wpr-parallax-no wpr-sticky-section-no e-con e-child\" data-id=\"17e9987\" data-element_type=\"container\">\n\t\t<div class=\"elementor-element elementor-element-ad01b3f e-con-full e-flex wpr-particle-no wpr-jarallax-no wpr-parallax-no wpr-sticky-section-no e-con e-child\" data-id=\"ad01b3f\" data-element_type=\"container\" data-settings=\"{&quot;background_background&quot;:&quot;classic&quot;}\">\n\t\t\t\t<div class=\"elementor-element elementor-element-d2cc76d elementor-widget elementor-widget-heading\" data-id=\"d2cc76d\" data-element_type=\"widget\" data-widget_type=\"heading.default\">\n\t\t\t\t\t<h2 class=\"elementor-heading-title elementor-size-default\">Option  montage et  postproduction<\/h2>\t\t\t\t<\/div>\n\t\t<div class=\"elementor-element elementor-element-cbbdef6 e-con-full e-flex wpr-particle-no wpr-jarallax-no wpr-parallax-no wpr-sticky-section-no e-con e-child\" data-id=\"cbbdef6\" data-element_type=\"container\">\n\t\t\t\t<div class=\"elementor-element elementor-element-effff1e elementor-widget elementor-widget-heading\" data-id=\"effff1e\" data-element_type=\"widget\" data-widget_type=\"heading.default\">\n\t\t\t\t\t<h2 class=\"elementor-heading-title elementor-size-default\">* Rentr\u00e9e  - septembre - <\/h2>\t\t\t\t<\/div>\n\t\t\t\t<div class=\"elementor-element elementor-element-36fa642 elementor-widget elementor-widget-heading\" data-id=\"36fa642\" data-element_type=\"widget\" data-widget_type=\"heading.default\">\n\t\t\t\t\t<h2 class=\"elementor-heading-title elementor-size-default\">* Admissible  - Bac -<\/h2>\t\t\t\t<\/div>\n\t\t\t\t<div class=\"elementor-element elementor-element-eff3e86 elementor-widget elementor-widget-heading\" data-id=\"eff3e86\" data-element_type=\"widget\" data-widget_type=\"heading.default\">\n\t\t\t\t\t<h2 class=\"elementor-heading-title elementor-size-default\">* Niveau  - BAC+2 -<\/h2>\t\t\t\t<\/div>\n\t\t\t\t<div class=\"elementor-element elementor-element-1e4a998 elementor-widget elementor-widget-heading\" data-id=\"1e4a998\" data-element_type=\"widget\" data-widget_type=\"heading.default\">\n\t\t\t\t\t<h2 class=\"elementor-heading-title elementor-size-default\">* Rythme  - Alternance -<\/h2>\t\t\t\t<\/div>\n\t\t\t\t<div class=\"elementor-element elementor-element-d3183c4 elementor-widget elementor-widget-heading\" data-id=\"d3183c4\" data-element_type=\"widget\" data-widget_type=\"heading.default\">\n\t\t\t\t\t<h2 class=\"elementor-heading-title elementor-size-default\">* Dur\u00e9e  - 2 ans -<\/h2>\t\t\t\t<\/div>\n\t\t\t\t<\/div>\n\t\t<div class=\"elementor-element elementor-element-6c44dd4 e-con-full e-flex wpr-particle-no wpr-jarallax-no wpr-parallax-no wpr-sticky-section-no e-con e-child\" data-id=\"6c44dd4\" data-element_type=\"container\">\n\t\t\t\t<div class=\"elementor-element elementor-element-c2d1a2f elementor-align-center elementor-widget elementor-widget-button\" data-id=\"c2d1a2f\" data-element_type=\"widget\" data-widget_type=\"button.default\">\n\t\t\t\t\t\t\t\t\t\t<a class=\"elementor-button elementor-button-link elementor-size-sm\" href=\"https:\/\/optvacademie.fr\/index.php\/bts-audiovisuel\/option-montage-et-postproduction\/\">\n\t\t\t\t\t\t<span class=\"elementor-button-content-wrapper\">\n\t\t\t\t\t\t\t\t\t<span class=\"elementor-button-text\">-en savoir plus-<\/span>\n\t\t\t\t\t<\/span>\n\t\t\t\t\t<\/a>\n\t\t\t\t\t\t\t\t<\/div>\n\t\t\t\t<\/div>\n\t\t\t\t<\/div>\n\t\t\t\t<\/div>\n\t\t\t\t\t<\/div>\n\t\t\t\t<\/div>\n\t\t<div class=\"elementor-element elementor-element-e43cc11 e-flex e-con-boxed wpr-particle-no wpr-jarallax-no wpr-parallax-no wpr-sticky-section-no e-con e-parent\" data-id=\"e43cc11\" data-element_type=\"container\">\n\t\t\t\t\t<div class=\"e-con-inner\">\n\t\t\t\t<div class=\"elementor-element elementor-element-4ee5380 elementor-widget elementor-widget-heading\" data-id=\"4ee5380\" data-element_type=\"widget\" data-widget_type=\"heading.default\">\n\t\t\t\t\t<h2 class=\"elementor-heading-title elementor-size-default\">L\u2019exigence au c\u0153ur du m\u00e9tier<\/h2>\t\t\t\t<\/div>\n\t\t\t\t<div class=\"elementor-element elementor-element-30979b3 elementor-widget elementor-widget-heading\" data-id=\"30979b3\" data-element_type=\"widget\" data-widget_type=\"heading.default\">\n\t\t\t\t\t<h2 class=\"elementor-heading-title elementor-size-default\">Le salaire d\u2019un monteur d\u00e9butant se situe autour de 1 800 \u20ac brut par mois, et peut atteindre 3 000 \u00e0 3 500 \u20ac brut mensuels pour un professionnel confirm\u00e9. Les monteurs ind\u00e9pendants peuvent quant \u00e0 eux \u00eatre r\u00e9mun\u00e9r\u00e9s \u00e0 la journ\u00e9e, souvent entre 250 et 400 \u20ac, selon l\u2019envergure du projet. Avec de l\u2019exp\u00e9rience, certains deviennent chefs monteurs ou r\u00e9alisateurs.<\/h2>\t\t\t\t<\/div>\n\t\t\t\t\t<\/div>\n\t\t\t\t<\/div>\n\t\t<div class=\"elementor-element elementor-element-788b4828 e-con-full e-flex wpr-particle-no wpr-jarallax-no wpr-parallax-no wpr-sticky-section-no e-con e-parent\" data-id=\"788b4828\" data-element_type=\"container\" data-settings=\"{&quot;background_background&quot;:&quot;classic&quot;}\">\n\t\t<div class=\"elementor-element elementor-element-bc6e8a1 e-con-full e-flex wpr-particle-no wpr-jarallax-no wpr-parallax-no wpr-sticky-section-no e-con e-child\" data-id=\"bc6e8a1\" data-element_type=\"container\">\n\t\t<div class=\"elementor-element elementor-element-d824f5c e-con-full e-flex wpr-particle-no wpr-jarallax-no wpr-parallax-no wpr-sticky-section-no e-con e-child\" data-id=\"d824f5c\" data-element_type=\"container\">\n\t\t\t\t<div class=\"elementor-element elementor-element-6a8e9275 elementor-widget elementor-widget-image\" data-id=\"6a8e9275\" data-element_type=\"widget\" data-widget_type=\"image.default\">\n\t\t\t\t\t\t\t\t\t\t\t\t\t\t\t<img fetchpriority=\"high\" decoding=\"async\" width=\"1513\" height=\"763\" src=\"https:\/\/optvacademie.fr\/wp-content\/uploads\/2025\/10\/Calque-1-copie.png\" class=\"attachment-full size-full wp-image-13\" alt=\"\" srcset=\"https:\/\/optvacademie.fr\/wp-content\/uploads\/2025\/10\/Calque-1-copie.png 1513w, https:\/\/optvacademie.fr\/wp-content\/uploads\/2025\/10\/Calque-1-copie-300x151.png 300w, https:\/\/optvacademie.fr\/wp-content\/uploads\/2025\/10\/Calque-1-copie-1024x516.png 1024w, https:\/\/optvacademie.fr\/wp-content\/uploads\/2025\/10\/Calque-1-copie-768x387.png 768w\" sizes=\"(max-width: 1513px) 100vw, 1513px\" \/>\t\t\t\t\t\t\t\t\t\t\t\t\t\t\t<\/div>\n\t\t\t\t<\/div>\n\t\t\t\t<div class=\"elementor-element elementor-element-75982304 elementor-widget-divider--view-line elementor-widget elementor-widget-divider\" data-id=\"75982304\" data-element_type=\"widget\" data-widget_type=\"divider.default\">\n\t\t\t\t\t\t\t<div class=\"elementor-divider\">\n\t\t\t<span class=\"elementor-divider-separator\">\n\t\t\t\t\t\t<\/span>\n\t\t<\/div>\n\t\t\t\t\t\t<\/div>\n\t\t\t\t<div class=\"elementor-element elementor-element-5ed32f52 elementor-widget elementor-widget-heading\" data-id=\"5ed32f52\" data-element_type=\"widget\" data-widget_type=\"heading.default\">\n\t\t\t\t\t<h2 class=\"elementor-heading-title elementor-size-default\">OPTV Acad\u00e9mie, fond\u00e9e en 2025 par OP T\u00e9l\u00e9vision, est un centre de formation innovant qui combine expertise p\u00e9dagogique et immersion professionnelle dans le secteur de l\u2019audiovisuel. L\u2019acad\u00e9mie r\u00e9pond \u00e0 un besoin croissant : offrir aux jeunes talents une formation de qualit\u00e9, ax\u00e9e sur les m\u00e9tiers de l\u2019image, de la production, du montage et de la postproduction, tout en favorisant leur insertion rapide sur le march\u00e9 du travail.<\/h2>\t\t\t\t<\/div>\n\t\t\t\t<\/div>\n\t\t<div class=\"elementor-element elementor-element-2962955 e-con-full e-flex wpr-particle-no wpr-jarallax-no wpr-parallax-no wpr-sticky-section-no e-con e-child\" data-id=\"2962955\" data-element_type=\"container\">\n\t\t\t\t<div class=\"elementor-element elementor-element-65bde6d9 elementor-widget elementor-widget-heading\" data-id=\"65bde6d9\" data-element_type=\"widget\" data-widget_type=\"heading.default\">\n\t\t\t\t\t<h2 class=\"elementor-heading-title elementor-size-default\">LIENS RAPIDES :<\/h2>\t\t\t\t<\/div>\n\t\t\t\t<div class=\"elementor-element elementor-element-552a33c2 elementor-widget-divider--view-line elementor-widget elementor-widget-divider\" data-id=\"552a33c2\" data-element_type=\"widget\" data-widget_type=\"divider.default\">\n\t\t\t\t\t\t\t<div class=\"elementor-divider\">\n\t\t\t<span class=\"elementor-divider-separator\">\n\t\t\t\t\t\t<\/span>\n\t\t<\/div>\n\t\t\t\t\t\t<\/div>\n\t\t\t\t<div class=\"elementor-element elementor-element-61815cfd elementor-widget elementor-widget-button\" data-id=\"61815cfd\" data-element_type=\"widget\" data-widget_type=\"button.default\">\n\t\t\t\t\t\t\t\t\t\t<a class=\"elementor-button elementor-button-link elementor-size-sm\" href=\"https:\/\/optvacademie.fr\/index.php\/bts-audiovisuel\/\">\n\t\t\t\t\t\t<span class=\"elementor-button-content-wrapper\">\n\t\t\t\t\t\t\t\t\t<span class=\"elementor-button-text\">BTS<\/span>\n\t\t\t\t\t<\/span>\n\t\t\t\t\t<\/a>\n\t\t\t\t\t\t\t\t<\/div>\n\t\t\t\t<div class=\"elementor-element elementor-element-56e348ac elementor-widget elementor-widget-button\" data-id=\"56e348ac\" data-element_type=\"widget\" data-widget_type=\"button.default\">\n\t\t\t\t\t\t\t\t\t\t<a class=\"elementor-button elementor-button-link elementor-size-sm\" href=\"https:\/\/optvacademie.fr\/index.php\/bachelor\/\">\n\t\t\t\t\t\t<span class=\"elementor-button-content-wrapper\">\n\t\t\t\t\t\t\t\t\t<span class=\"elementor-button-text\">Bachelors<\/span>\n\t\t\t\t\t<\/span>\n\t\t\t\t\t<\/a>\n\t\t\t\t\t\t\t\t<\/div>\n\t\t\t\t<div class=\"elementor-element elementor-element-41246620 elementor-widget elementor-widget-button\" data-id=\"41246620\" data-element_type=\"widget\" data-widget_type=\"button.default\">\n\t\t\t\t\t\t\t\t\t\t<a class=\"elementor-button elementor-button-link elementor-size-sm\" href=\"https:\/\/optvacademie.fr\/index.php\/master-mastere\/\">\n\t\t\t\t\t\t<span class=\"elementor-button-content-wrapper\">\n\t\t\t\t\t\t\t\t\t<span class=\"elementor-button-text\">Mast\u00e8res<\/span>\n\t\t\t\t\t<\/span>\n\t\t\t\t\t<\/a>\n\t\t\t\t\t\t\t\t<\/div>\n\t\t\t\t<div class=\"elementor-element elementor-element-783d599a elementor-widget elementor-widget-button\" data-id=\"783d599a\" data-element_type=\"widget\" data-widget_type=\"button.default\">\n\t\t\t\t\t\t\t\t\t\t<a class=\"elementor-button elementor-button-link elementor-size-sm\" href=\"https:\/\/optvacademie.fr\/index.php\/master-mastere\/\">\n\t\t\t\t\t\t<span class=\"elementor-button-content-wrapper\">\n\t\t\t\t\t\t\t\t\t<span class=\"elementor-button-text\">Masters<\/span>\n\t\t\t\t\t<\/span>\n\t\t\t\t\t<\/a>\n\t\t\t\t\t\t\t\t<\/div>\n\t\t\t\t<\/div>\n\t\t<div class=\"elementor-element elementor-element-5fc44c45 e-con-full e-flex wpr-particle-no wpr-jarallax-no wpr-parallax-no wpr-sticky-section-no e-con e-child\" data-id=\"5fc44c45\" data-element_type=\"container\">\n\t\t\t\t<div class=\"elementor-element elementor-element-5cfe93af elementor-widget elementor-widget-heading\" data-id=\"5cfe93af\" data-element_type=\"widget\" data-widget_type=\"heading.default\">\n\t\t\t\t\t<h2 class=\"elementor-heading-title elementor-size-default\">CONTACT :<\/h2>\t\t\t\t<\/div>\n\t\t\t\t<div class=\"elementor-element elementor-element-34812a24 elementor-widget-divider--view-line elementor-widget elementor-widget-divider\" data-id=\"34812a24\" data-element_type=\"widget\" data-widget_type=\"divider.default\">\n\t\t\t\t\t\t\t<div class=\"elementor-divider\">\n\t\t\t<span class=\"elementor-divider-separator\">\n\t\t\t\t\t\t<\/span>\n\t\t<\/div>\n\t\t\t\t\t\t<\/div>\n\t\t\t\t<div class=\"elementor-element elementor-element-53fce419 elementor-align-justify elementor-widget elementor-widget-button\" data-id=\"53fce419\" data-element_type=\"widget\" data-widget_type=\"button.default\">\n\t\t\t\t\t\t\t\t\t\t<a class=\"elementor-button elementor-size-sm\" role=\"button\">\n\t\t\t\t\t\t<span class=\"elementor-button-content-wrapper\">\n\t\t\t\t\t\t\t\t\t<span class=\"elementor-button-text\">formation@optv-acad\u00e9mie.fr<\/span>\n\t\t\t\t\t<\/span>\n\t\t\t\t\t<\/a>\n\t\t\t\t\t\t\t\t<\/div>\n\t\t\t\t<div class=\"elementor-element elementor-element-7df358ca elementor-align-left elementor-widget elementor-widget-button\" data-id=\"7df358ca\" data-element_type=\"widget\" data-widget_type=\"button.default\">\n\t\t\t\t\t\t\t\t\t\t<a class=\"elementor-button elementor-size-sm\" role=\"button\">\n\t\t\t\t\t\t<span class=\"elementor-button-content-wrapper\">\n\t\t\t\t\t\t\t\t\t<span class=\"elementor-button-text\">8 Boulevard de la Lib\u00e9ration  93200 Saint- Denis<\/span>\n\t\t\t\t\t<\/span>\n\t\t\t\t\t<\/a>\n\t\t\t\t\t\t\t\t<\/div>\n\t\t\t\t<div class=\"elementor-element elementor-element-44e2d4c4 elementor-align-justify elementor-widget elementor-widget-button\" data-id=\"44e2d4c4\" data-element_type=\"widget\" data-widget_type=\"button.default\">\n\t\t\t\t\t\t\t\t\t\t<a class=\"elementor-button elementor-size-sm\" role=\"button\">\n\t\t\t\t\t\t<span class=\"elementor-button-content-wrapper\">\n\t\t\t\t\t\t\t\t\t<span class=\"elementor-button-text\">42 rue Raspail 97110 Pointe-\u00e0-Pitre<\/span>\n\t\t\t\t\t<\/span>\n\t\t\t\t\t<\/a>\n\t\t\t\t\t\t\t\t<\/div>\n\t\t\t\t<div class=\"elementor-element elementor-element-64ccdbfd e-grid-align-left elementor-widget__width-initial elementor-shape-rounded elementor-grid-0 elementor-widget elementor-widget-social-icons\" data-id=\"64ccdbfd\" data-element_type=\"widget\" data-widget_type=\"social-icons.default\">\n\t\t\t\t\t\t\t<div class=\"elementor-social-icons-wrapper elementor-grid\" role=\"list\">\n\t\t\t\t\t\t\t<span class=\"elementor-grid-item\" role=\"listitem\">\n\t\t\t\t\t<a class=\"elementor-icon elementor-social-icon elementor-social-icon-instagram elementor-repeater-item-e9ea05a\" href=\"https:\/\/www.instagram.com\/optvacademie?utm_source=ig_web_button_share_sheet&#038;igsh=ZDNlZDc0MzIxNw==\" target=\"_blank\">\n\t\t\t\t\t\t<span class=\"elementor-screen-only\">Instagram<\/span>\n\t\t\t\t\t\t<svg aria-hidden=\"true\" class=\"e-font-icon-svg e-fab-instagram\" viewBox=\"0 0 448 512\" xmlns=\"http:\/\/www.w3.org\/2000\/svg\"><path d=\"M224.1 141c-63.6 0-114.9 51.3-114.9 114.9s51.3 114.9 114.9 114.9S339 319.5 339 255.9 287.7 141 224.1 141zm0 189.6c-41.1 0-74.7-33.5-74.7-74.7s33.5-74.7 74.7-74.7 74.7 33.5 74.7 74.7-33.6 74.7-74.7 74.7zm146.4-194.3c0 14.9-12 26.8-26.8 26.8-14.9 0-26.8-12-26.8-26.8s12-26.8 26.8-26.8 26.8 12 26.8 26.8zm76.1 27.2c-1.7-35.9-9.9-67.7-36.2-93.9-26.2-26.2-58-34.4-93.9-36.2-37-2.1-147.9-2.1-184.9 0-35.8 1.7-67.6 9.9-93.9 36.1s-34.4 58-36.2 93.9c-2.1 37-2.1 147.9 0 184.9 1.7 35.9 9.9 67.7 36.2 93.9s58 34.4 93.9 36.2c37 2.1 147.9 2.1 184.9 0 35.9-1.7 67.7-9.9 93.9-36.2 26.2-26.2 34.4-58 36.2-93.9 2.1-37 2.1-147.8 0-184.8zM398.8 388c-7.8 19.6-22.9 34.7-42.6 42.6-29.5 11.7-99.5 9-132.1 9s-102.7 2.6-132.1-9c-19.6-7.8-34.7-22.9-42.6-42.6-11.7-29.5-9-99.5-9-132.1s-2.6-102.7 9-132.1c7.8-19.6 22.9-34.7 42.6-42.6 29.5-11.7 99.5-9 132.1-9s102.7-2.6 132.1 9c19.6 7.8 34.7 22.9 42.6 42.6 11.7 29.5 9 99.5 9 132.1s2.7 102.7-9 132.1z\"><\/path><\/svg>\t\t\t\t\t<\/a>\n\t\t\t\t<\/span>\n\t\t\t\t\t\t\t<span class=\"elementor-grid-item\" role=\"listitem\">\n\t\t\t\t\t<a class=\"elementor-icon elementor-social-icon elementor-social-icon-linkedin elementor-repeater-item-1a470b9\" href=\"https:\/\/www.linkedin.com\/in\/optv-op-academie-5b8625385\/\" target=\"_blank\">\n\t\t\t\t\t\t<span class=\"elementor-screen-only\">Linkedin<\/span>\n\t\t\t\t\t\t<svg aria-hidden=\"true\" class=\"e-font-icon-svg e-fab-linkedin\" viewBox=\"0 0 448 512\" xmlns=\"http:\/\/www.w3.org\/2000\/svg\"><path d=\"M416 32H31.9C14.3 32 0 46.5 0 64.3v383.4C0 465.5 14.3 480 31.9 480H416c17.6 0 32-14.5 32-32.3V64.3c0-17.8-14.4-32.3-32-32.3zM135.4 416H69V202.2h66.5V416zm-33.2-243c-21.3 0-38.5-17.3-38.5-38.5S80.9 96 102.2 96c21.2 0 38.5 17.3 38.5 38.5 0 21.3-17.2 38.5-38.5 38.5zm282.1 243h-66.4V312c0-24.8-.5-56.7-34.5-56.7-34.6 0-39.9 27-39.9 54.9V416h-66.4V202.2h63.7v29.2h.9c8.9-16.8 30.6-34.5 62.9-34.5 67.2 0 79.7 44.3 79.7 101.9V416z\"><\/path><\/svg>\t\t\t\t\t<\/a>\n\t\t\t\t<\/span>\n\t\t\t\t\t<\/div>\n\t\t\t\t\t\t<\/div>\n\t\t\t\t<\/div>\n\t\t<div class=\"elementor-element elementor-element-4e7561a6 e-con-full e-flex wpr-particle-no wpr-jarallax-no wpr-parallax-no wpr-sticky-section-no e-con e-child\" data-id=\"4e7561a6\" data-element_type=\"container\">\n\t\t\t\t<\/div>\n\t\t\t\t<\/div>\n\t\t\t\t<\/div>\n\t\t","protected":false},"excerpt":{"rendered":"<p>Monteur \/ Monteuse vid\u00e9o Le m\u00e9tier Le monteur vid\u00e9o est le magicien de la postproduction. \u00c0 partir des images tourn\u00e9es, il construit le rythme, l\u2019\u00e9motion et la coh\u00e9rence d\u2019un film ou d\u2019une \u00e9mission. Il s\u00e9lectionne les meilleures s\u00e9quences, les assemble selon la narration souhait\u00e9e, ajuste les sons, les musiques et les effets visuels pour cr\u00e9er une \u0153uvre fluide et percutante. C\u2019est un m\u00e9tier o\u00f9 la cr\u00e9ativit\u00e9 rencontre la rigueur. La formation Pour exercer ce m\u00e9tier, il est recommand\u00e9 de suivre le BTS M\u00e9tiers de l\u2019Audiovisuel, option Montage et Postproduction, ou le Bachelor R\u00e9alisateur Monteur d\u2019OPTV Acad\u00e9mie. Ces formations permettent d\u2019apprendre \u00e0 ma\u00eetriser les logiciels de r\u00e9f\u00e9rence (Premiere Pro, Avid, DaVinci Resolve) et \u00e0 comprendre les exigences narratives du montage. Option montage et postproduction * Rentr\u00e9e &#8211; septembre &#8211; * Admissible &#8211; Bac &#8211; * Niveau &#8211; BAC+2 &#8211; * Rythme &#8211; Alternance &#8211; * Dur\u00e9e &#8211; 2 ans &#8211; -en savoir plus- L\u2019exigence au c\u0153ur du m\u00e9tier Le salaire d\u2019un monteur d\u00e9butant se situe autour de 1 800 \u20ac brut par mois, et peut atteindre 3 000 \u00e0 3 500 \u20ac brut mensuels pour un professionnel confirm\u00e9. Les monteurs ind\u00e9pendants peuvent quant \u00e0 eux \u00eatre r\u00e9mun\u00e9r\u00e9s \u00e0 la journ\u00e9e, souvent entre 250 et 400 \u20ac, selon l\u2019envergure du projet. Avec de l\u2019exp\u00e9rience, certains deviennent chefs monteurs ou r\u00e9alisateurs. OPTV Acad\u00e9mie, fond\u00e9e en 2025 par OP T\u00e9l\u00e9vision, est un centre de formation innovant qui combine expertise p\u00e9dagogique et immersion professionnelle dans le secteur de l\u2019audiovisuel. L\u2019acad\u00e9mie r\u00e9pond \u00e0 un besoin croissant : offrir aux jeunes talents une formation de qualit\u00e9, ax\u00e9e sur les m\u00e9tiers de l\u2019image, de la production, du montage et de la postproduction, tout en favorisant leur insertion rapide sur le march\u00e9 du travail. LIENS RAPIDES : BTS Bachelors Mast\u00e8res Masters CONTACT : formation@optv-acad\u00e9mie.fr 8 Boulevard de la Lib\u00e9ration 93200 Saint- Denis 42 rue Raspail 97110 Pointe-\u00e0-Pitre Instagram Linkedin<\/p>\n","protected":false},"author":1,"featured_media":0,"parent":530,"menu_order":0,"comment_status":"closed","ping_status":"closed","template":"","meta":{"site-sidebar-layout":"no-sidebar","site-content-layout":"","ast-site-content-layout":"full-width-container","site-content-style":"unboxed","site-sidebar-style":"unboxed","ast-global-header-display":"","ast-banner-title-visibility":"disabled","ast-main-header-display":"","ast-hfb-above-header-display":"","ast-hfb-below-header-display":"","ast-hfb-mobile-header-display":"","site-post-title":"disabled","ast-breadcrumbs-content":"disabled","ast-featured-img":"disabled","footer-sml-layout":"disabled","theme-transparent-header-meta":"default","adv-header-id-meta":"","stick-header-meta":"","header-above-stick-meta":"","header-main-stick-meta":"","header-below-stick-meta":"","astra-migrate-meta-layouts":"set","ast-page-background-enabled":"default","ast-page-background-meta":{"desktop":{"background-color":"var(--ast-global-color-5)","background-image":"","background-repeat":"repeat","background-position":"center center","background-size":"auto","background-attachment":"scroll","background-type":"","background-media":"","overlay-type":"","overlay-color":"","overlay-opacity":"","overlay-gradient":""},"tablet":{"background-color":"","background-image":"","background-repeat":"repeat","background-position":"center center","background-size":"auto","background-attachment":"scroll","background-type":"","background-media":"","overlay-type":"","overlay-color":"","overlay-opacity":"","overlay-gradient":""},"mobile":{"background-color":"","background-image":"","background-repeat":"repeat","background-position":"center center","background-size":"auto","background-attachment":"scroll","background-type":"","background-media":"","overlay-type":"","overlay-color":"","overlay-opacity":"","overlay-gradient":""}},"ast-content-background-meta":{"desktop":{"background-color":"var(--ast-global-color-4)","background-image":"","background-repeat":"repeat","background-position":"center center","background-size":"auto","background-attachment":"scroll","background-type":"","background-media":"","overlay-type":"","overlay-color":"","overlay-opacity":"","overlay-gradient":""},"tablet":{"background-color":"var(--ast-global-color-4)","background-image":"","background-repeat":"repeat","background-position":"center center","background-size":"auto","background-attachment":"scroll","background-type":"","background-media":"","overlay-type":"","overlay-color":"","overlay-opacity":"","overlay-gradient":""},"mobile":{"background-color":"var(--ast-global-color-4)","background-image":"","background-repeat":"repeat","background-position":"center center","background-size":"auto","background-attachment":"scroll","background-type":"","background-media":"","overlay-type":"","overlay-color":"","overlay-opacity":"","overlay-gradient":""}},"footnotes":""},"class_list":["post-778","page","type-page","status-publish","hentry"],"_links":{"self":[{"href":"https:\/\/optvacademie.fr\/index.php\/wp-json\/wp\/v2\/pages\/778","targetHints":{"allow":["GET"]}}],"collection":[{"href":"https:\/\/optvacademie.fr\/index.php\/wp-json\/wp\/v2\/pages"}],"about":[{"href":"https:\/\/optvacademie.fr\/index.php\/wp-json\/wp\/v2\/types\/page"}],"author":[{"embeddable":true,"href":"https:\/\/optvacademie.fr\/index.php\/wp-json\/wp\/v2\/users\/1"}],"replies":[{"embeddable":true,"href":"https:\/\/optvacademie.fr\/index.php\/wp-json\/wp\/v2\/comments?post=778"}],"version-history":[{"count":23,"href":"https:\/\/optvacademie.fr\/index.php\/wp-json\/wp\/v2\/pages\/778\/revisions"}],"predecessor-version":[{"id":1543,"href":"https:\/\/optvacademie.fr\/index.php\/wp-json\/wp\/v2\/pages\/778\/revisions\/1543"}],"up":[{"embeddable":true,"href":"https:\/\/optvacademie.fr\/index.php\/wp-json\/wp\/v2\/pages\/530"}],"wp:attachment":[{"href":"https:\/\/optvacademie.fr\/index.php\/wp-json\/wp\/v2\/media?parent=778"}],"curies":[{"name":"wp","href":"https:\/\/api.w.org\/{rel}","templated":true}]}}