{"id":535,"date":"2025-10-21T12:55:40","date_gmt":"2025-10-21T12:55:40","guid":{"rendered":"http:\/\/optvack.cluster100.hosting.ovh.net\/?page_id=535"},"modified":"2025-10-25T08:36:22","modified_gmt":"2025-10-25T08:36:22","slug":"alternance","status":"publish","type":"page","link":"https:\/\/optvacademie.fr\/index.php\/alternance\/","title":{"rendered":"Alternance"},"content":{"rendered":"\t\t<div data-elementor-type=\"wp-page\" data-elementor-id=\"535\" class=\"elementor elementor-535\">\n\t\t\t\t<div class=\"elementor-element elementor-element-5bc4c64 e-flex e-con-boxed wpr-particle-no wpr-jarallax-no wpr-parallax-no wpr-sticky-section-no e-con e-parent\" data-id=\"5bc4c64\" data-element_type=\"container\" data-settings=\"{&quot;background_background&quot;:&quot;classic&quot;}\">\n\t\t\t\t\t<div class=\"e-con-inner\">\n\t\t<div class=\"elementor-element elementor-element-09ed142 e-con-full e-flex wpr-particle-no wpr-jarallax-no wpr-parallax-no wpr-sticky-section-no e-con e-child\" data-id=\"09ed142\" data-element_type=\"container\">\n\t\t\t\t<div class=\"elementor-element elementor-element-038546a elementor-widget elementor-widget-heading\" data-id=\"038546a\" data-element_type=\"widget\" data-widget_type=\"heading.default\">\n\t\t\t\t\t<h2 class=\"elementor-heading-title elementor-size-default\">L\u2019alternance<\/h2>\t\t\t\t<\/div>\n\t\t\t\t<div class=\"elementor-element elementor-element-586d14a elementor-widget elementor-widget-heading\" data-id=\"586d14a\" data-element_type=\"widget\" data-widget_type=\"heading.default\">\n\t\t\t\t\t<h2 class=\"elementor-heading-title elementor-size-default\">Plonger dans le monde de l\u2019aternance<\/h2>\t\t\t\t<\/div>\n\t\t\t\t<\/div>\n\t\t\t\t\t<\/div>\n\t\t\t\t<\/div>\n\t\t<div class=\"elementor-element elementor-element-560e34c e-flex e-con-boxed wpr-particle-no wpr-jarallax-no wpr-parallax-no wpr-sticky-section-no e-con e-parent\" data-id=\"560e34c\" data-element_type=\"container\">\n\t\t\t\t\t<div class=\"e-con-inner\">\n\t\t\t\t<div class=\"elementor-element elementor-element-18206c7 elementor-widget elementor-widget-heading\" data-id=\"18206c7\" data-element_type=\"widget\" data-widget_type=\"heading.default\">\n\t\t\t\t\t<h2 class=\"elementor-heading-title elementor-size-default\">L\u2019alternance chez OPTV Acad\u00e9mie<\/h2>\t\t\t\t<\/div>\n\t\t\t\t<div class=\"elementor-element elementor-element-72db91f elementor-widget elementor-widget-heading\" data-id=\"72db91f\" data-element_type=\"widget\" data-widget_type=\"heading.default\">\n\t\t\t\t\t<h2 class=\"elementor-heading-title elementor-size-default\">\u00c0 OPTV Acad\u00e9mie, l\u2019alternance est bien plus qu\u2019un mode d\u2019apprentissage : c\u2019est une exp\u00e9rience professionnelle \u00e0 part enti\u00e8re.\u2028<br> Elle permet de conjuguer th\u00e9orie et pratique, en alternant les cours dispens\u00e9s par des formateurs issus du milieu audiovisuel et des p\u00e9riodes en entreprise.\u2028 Cette approche concr\u00e8te forme des \u00e9tudiants autonomes, rigoureux et op\u00e9rationnels d\u00e8s la sortie de l\u2019\u00e9cole.<br>\nLes formations \u2014 du BTS au Mast\u00e8re \u2014 sont toutes accessibles en alternance, offrant ainsi une v\u00e9ritable passerelle entre les \u00e9tudes et l\u2019emploi.<\/h2>\t\t\t\t<\/div>\n\t\t\t\t\t<\/div>\n\t\t\t\t<\/div>\n\t\t<div class=\"elementor-element elementor-element-8bdbad1 e-flex e-con-boxed wpr-particle-no wpr-jarallax-no wpr-parallax-no wpr-sticky-section-no e-con e-parent\" data-id=\"8bdbad1\" data-element_type=\"container\">\n\t\t\t\t\t<div class=\"e-con-inner\">\n\t\t\t\t<div class=\"elementor-element elementor-element-100203d elementor-widget elementor-widget-heading\" data-id=\"100203d\" data-element_type=\"widget\" data-widget_type=\"heading.default\">\n\t\t\t\t\t<h2 class=\"elementor-heading-title elementor-size-default\">Un accompagnement individuel vers la r\u00e9ussite<\/h2>\t\t\t\t<\/div>\n\t\t\t\t<div class=\"elementor-element elementor-element-d2ebc69 elementor-widget elementor-widget-heading\" data-id=\"d2ebc69\" data-element_type=\"widget\" data-widget_type=\"heading.default\">\n\t\t\t\t\t<h2 class=\"elementor-heading-title elementor-size-default\">OPTV Acad\u00e9mie accompagne chaque \u00e9tudiant dans la recherche et la signature de son contrat d\u2019alternance.\u2028 L\u2019\u00e9quipe p\u00e9dagogique et le service alternance proposent :<br>\n* Des ateliers de pr\u00e9paration (CV, lettre, entretien).<br>\n* Un suivi personnalis\u00e9 jusqu\u2019\u00e0 la signature du contrat.<br>\n* L\u2019acc\u00e8s \u00e0 un r\u00e9seau d\u2019entreprises partenaires du cin\u00e9ma, de la t\u00e9l\u00e9vision, de la production, de la communication ou de l\u2019\u00e9v\u00e9nementiel.<br>\nChaque parcours est construit sur mesure, pour que l\u2019entreprise corresponde au projet professionnel de l\u2019\u00e9tudiant.<\/h2>\t\t\t\t<\/div>\n\t\t\t\t\t<\/div>\n\t\t\t\t<\/div>\n\t\t<div class=\"elementor-element elementor-element-8909a7b e-flex e-con-boxed wpr-particle-no wpr-jarallax-no wpr-parallax-no wpr-sticky-section-no e-con e-parent\" data-id=\"8909a7b\" data-element_type=\"container\">\n\t\t\t\t\t<div class=\"e-con-inner\">\n\t\t\t\t<div class=\"elementor-element elementor-element-4f77f94 elementor-widget elementor-widget-heading\" data-id=\"4f77f94\" data-element_type=\"widget\" data-widget_type=\"heading.default\">\n\t\t\t\t\t<h2 class=\"elementor-heading-title elementor-size-default\">Un rythme adapt\u00e9 \u00e0 chaque formation<\/h2>\t\t\t\t<\/div>\n\t\t\t\t<div class=\"elementor-element elementor-element-f1c2d46 elementor-widget elementor-widget-heading\" data-id=\"f1c2d46\" data-element_type=\"widget\" data-widget_type=\"heading.default\">\n\t\t\t\t\t<h2 class=\"elementor-heading-title elementor-size-default\">Le rythme de l\u2019alternance varie selon la formation suivie.\u2028<br>Les \u00e9tudiants partagent leur temps entre le campus (cours th\u00e9oriques, travaux pratiques, tournages) et leur entreprise d\u2019accueil, o\u00f9 ils appliquent imm\u00e9diatement ce qu\u2019ils apprennent.\u2028<br>Cette alternance entre savoirs et exp\u00e9rience permet de d\u00e9velopper une compr\u00e9hension globale des m\u00e9tiers de l\u2019audiovisuel.<\/h2>\t\t\t\t<\/div>\n\t\t\t\t\t<\/div>\n\t\t\t\t<\/div>\n\t\t<div class=\"elementor-element elementor-element-aea2929 e-flex e-con-boxed wpr-particle-no wpr-jarallax-no wpr-parallax-no wpr-sticky-section-no e-con e-parent\" data-id=\"aea2929\" data-element_type=\"container\">\n\t\t\t\t\t<div class=\"e-con-inner\">\n\t\t\t\t<div class=\"elementor-element elementor-element-fae8e28 elementor-widget elementor-widget-heading\" data-id=\"fae8e28\" data-element_type=\"widget\" data-widget_type=\"heading.default\">\n\t\t\t\t\t<h2 class=\"elementor-heading-title elementor-size-default\">Une formation r\u00e9mun\u00e9r\u00e9e et reconnue<\/h2>\t\t\t\t<\/div>\n\t\t\t\t<div class=\"elementor-element elementor-element-7dd89c5 elementor-widget elementor-widget-heading\" data-id=\"7dd89c5\" data-element_type=\"widget\" data-widget_type=\"heading.default\">\n\t\t\t\t\t<h2 class=\"elementor-heading-title elementor-size-default\">L\u2019alternance est un v\u00e9ritable tremplin professionnel.\u2028 Les frais de formation sont enti\u00e8rement pris en charge par l\u2019entreprise, et l\u2019\u00e9tudiant per\u00e7oit un salaire mensuel selon son \u00e2ge et son niveau d\u2019\u00e9tudes.\u2028<br> Le dipl\u00f4me obtenu est identique \u00e0 celui de la formation initiale : il est reconnu par l\u2019\u00c9tat et inscrit au RNCP, avec 60 cr\u00e9dits ECTS par ann\u00e9e valid\u00e9e.<\/h2>\t\t\t\t<\/div>\n\t\t\t\t<div class=\"elementor-element elementor-element-1923b64 elementor-widget elementor-widget-heading\" data-id=\"1923b64\" data-element_type=\"widget\" data-widget_type=\"heading.default\">\n\t\t\t\t\t<h2 class=\"elementor-heading-title elementor-size-default\">\u201c\u00c0 OPTV Acad\u00e9mie, l\u2019alternance, c\u2019est la garantie d\u2019un parcours gratuit, r\u00e9mun\u00e9r\u00e9 et professionnalisant.\u201d<\/h2>\t\t\t\t<\/div>\n\t\t\t\t\t<\/div>\n\t\t\t\t<\/div>\n\t\t<div class=\"elementor-element elementor-element-3aef2e3d e-con-full e-flex wpr-particle-no wpr-jarallax-no wpr-parallax-no wpr-sticky-section-no e-con e-parent\" data-id=\"3aef2e3d\" data-element_type=\"container\" data-settings=\"{&quot;background_background&quot;:&quot;classic&quot;}\">\n\t\t<div class=\"elementor-element elementor-element-125356ee e-con-full e-flex wpr-particle-no wpr-jarallax-no wpr-parallax-no wpr-sticky-section-no e-con e-child\" data-id=\"125356ee\" data-element_type=\"container\">\n\t\t<div class=\"elementor-element elementor-element-43daf5b e-con-full e-flex wpr-particle-no wpr-jarallax-no wpr-parallax-no wpr-sticky-section-no e-con e-child\" data-id=\"43daf5b\" data-element_type=\"container\">\n\t\t\t\t<div class=\"elementor-element elementor-element-21bf853e elementor-widget elementor-widget-image\" data-id=\"21bf853e\" data-element_type=\"widget\" data-widget_type=\"image.default\">\n\t\t\t\t\t\t\t\t\t\t\t\t\t\t\t<img fetchpriority=\"high\" decoding=\"async\" width=\"1513\" height=\"763\" src=\"https:\/\/optvacademie.fr\/wp-content\/uploads\/2025\/10\/Calque-1-copie.png\" class=\"attachment-full size-full wp-image-13\" alt=\"\" srcset=\"https:\/\/optvacademie.fr\/wp-content\/uploads\/2025\/10\/Calque-1-copie.png 1513w, https:\/\/optvacademie.fr\/wp-content\/uploads\/2025\/10\/Calque-1-copie-300x151.png 300w, https:\/\/optvacademie.fr\/wp-content\/uploads\/2025\/10\/Calque-1-copie-1024x516.png 1024w, https:\/\/optvacademie.fr\/wp-content\/uploads\/2025\/10\/Calque-1-copie-768x387.png 768w\" sizes=\"(max-width: 1513px) 100vw, 1513px\" \/>\t\t\t\t\t\t\t\t\t\t\t\t\t\t\t<\/div>\n\t\t\t\t<\/div>\n\t\t\t\t<div class=\"elementor-element elementor-element-2008f20e elementor-widget-divider--view-line elementor-widget elementor-widget-divider\" data-id=\"2008f20e\" data-element_type=\"widget\" data-widget_type=\"divider.default\">\n\t\t\t\t\t\t\t<div class=\"elementor-divider\">\n\t\t\t<span class=\"elementor-divider-separator\">\n\t\t\t\t\t\t<\/span>\n\t\t<\/div>\n\t\t\t\t\t\t<\/div>\n\t\t\t\t<div class=\"elementor-element elementor-element-43db7316 elementor-widget elementor-widget-heading\" data-id=\"43db7316\" data-element_type=\"widget\" data-widget_type=\"heading.default\">\n\t\t\t\t\t<h2 class=\"elementor-heading-title elementor-size-default\">OPTV Acad\u00e9mie, fond\u00e9e en 2025 par OP T\u00e9l\u00e9vision, est un centre de formation innovant qui combine expertise p\u00e9dagogique et immersion professionnelle dans le secteur de l\u2019audiovisuel. L\u2019acad\u00e9mie r\u00e9pond \u00e0 un besoin croissant : offrir aux jeunes talents une formation de qualit\u00e9, ax\u00e9e sur les m\u00e9tiers de l\u2019image, de la production, du montage et de la postproduction, tout en favorisant leur insertion rapide sur le march\u00e9 du travail.<\/h2>\t\t\t\t<\/div>\n\t\t\t\t<\/div>\n\t\t<div class=\"elementor-element elementor-element-4233195a e-con-full e-flex wpr-particle-no wpr-jarallax-no wpr-parallax-no wpr-sticky-section-no e-con e-child\" data-id=\"4233195a\" data-element_type=\"container\">\n\t\t\t\t<div class=\"elementor-element elementor-element-18fa85b3 elementor-widget elementor-widget-heading\" data-id=\"18fa85b3\" data-element_type=\"widget\" data-widget_type=\"heading.default\">\n\t\t\t\t\t<h2 class=\"elementor-heading-title elementor-size-default\">LIENS RAPIDES :<\/h2>\t\t\t\t<\/div>\n\t\t\t\t<div class=\"elementor-element elementor-element-2e601356 elementor-widget-divider--view-line elementor-widget elementor-widget-divider\" data-id=\"2e601356\" data-element_type=\"widget\" data-widget_type=\"divider.default\">\n\t\t\t\t\t\t\t<div class=\"elementor-divider\">\n\t\t\t<span class=\"elementor-divider-separator\">\n\t\t\t\t\t\t<\/span>\n\t\t<\/div>\n\t\t\t\t\t\t<\/div>\n\t\t\t\t<div class=\"elementor-element elementor-element-389341d5 elementor-widget elementor-widget-button\" data-id=\"389341d5\" data-element_type=\"widget\" data-widget_type=\"button.default\">\n\t\t\t\t\t\t\t\t\t\t<a class=\"elementor-button elementor-button-link elementor-size-sm\" href=\"https:\/\/optvacademie.fr\/index.php\/bts-audiovisuel\/\">\n\t\t\t\t\t\t<span class=\"elementor-button-content-wrapper\">\n\t\t\t\t\t\t\t\t\t<span class=\"elementor-button-text\">BTS<\/span>\n\t\t\t\t\t<\/span>\n\t\t\t\t\t<\/a>\n\t\t\t\t\t\t\t\t<\/div>\n\t\t\t\t<div class=\"elementor-element elementor-element-16bf8d41 elementor-widget elementor-widget-button\" data-id=\"16bf8d41\" data-element_type=\"widget\" data-widget_type=\"button.default\">\n\t\t\t\t\t\t\t\t\t\t<a class=\"elementor-button elementor-button-link elementor-size-sm\" href=\"https:\/\/optvacademie.fr\/index.php\/bachelor\/\">\n\t\t\t\t\t\t<span class=\"elementor-button-content-wrapper\">\n\t\t\t\t\t\t\t\t\t<span class=\"elementor-button-text\">Bachelors<\/span>\n\t\t\t\t\t<\/span>\n\t\t\t\t\t<\/a>\n\t\t\t\t\t\t\t\t<\/div>\n\t\t\t\t<div class=\"elementor-element elementor-element-6f7e2c5e elementor-widget elementor-widget-button\" data-id=\"6f7e2c5e\" data-element_type=\"widget\" data-widget_type=\"button.default\">\n\t\t\t\t\t\t\t\t\t\t<a class=\"elementor-button elementor-button-link elementor-size-sm\" href=\"https:\/\/optvacademie.fr\/index.php\/master-mastere\/\">\n\t\t\t\t\t\t<span class=\"elementor-button-content-wrapper\">\n\t\t\t\t\t\t\t\t\t<span class=\"elementor-button-text\">Mast\u00e8res<\/span>\n\t\t\t\t\t<\/span>\n\t\t\t\t\t<\/a>\n\t\t\t\t\t\t\t\t<\/div>\n\t\t\t\t<div class=\"elementor-element elementor-element-157084b7 elementor-widget elementor-widget-button\" data-id=\"157084b7\" data-element_type=\"widget\" data-widget_type=\"button.default\">\n\t\t\t\t\t\t\t\t\t\t<a class=\"elementor-button elementor-button-link elementor-size-sm\" href=\"https:\/\/optvacademie.fr\/index.php\/master-mastere\/\">\n\t\t\t\t\t\t<span class=\"elementor-button-content-wrapper\">\n\t\t\t\t\t\t\t\t\t<span class=\"elementor-button-text\">Masters<\/span>\n\t\t\t\t\t<\/span>\n\t\t\t\t\t<\/a>\n\t\t\t\t\t\t\t\t<\/div>\n\t\t\t\t<\/div>\n\t\t<div class=\"elementor-element elementor-element-73eda7c e-con-full e-flex wpr-particle-no wpr-jarallax-no wpr-parallax-no wpr-sticky-section-no e-con e-child\" data-id=\"73eda7c\" data-element_type=\"container\">\n\t\t\t\t<div class=\"elementor-element elementor-element-547eaff7 elementor-widget elementor-widget-heading\" data-id=\"547eaff7\" data-element_type=\"widget\" data-widget_type=\"heading.default\">\n\t\t\t\t\t<h2 class=\"elementor-heading-title elementor-size-default\">CONTACT :<\/h2>\t\t\t\t<\/div>\n\t\t\t\t<div class=\"elementor-element elementor-element-3e0d1a8a elementor-widget-divider--view-line elementor-widget elementor-widget-divider\" data-id=\"3e0d1a8a\" data-element_type=\"widget\" data-widget_type=\"divider.default\">\n\t\t\t\t\t\t\t<div class=\"elementor-divider\">\n\t\t\t<span class=\"elementor-divider-separator\">\n\t\t\t\t\t\t<\/span>\n\t\t<\/div>\n\t\t\t\t\t\t<\/div>\n\t\t\t\t<div class=\"elementor-element elementor-element-6eddf182 elementor-align-justify elementor-widget elementor-widget-button\" data-id=\"6eddf182\" data-element_type=\"widget\" data-widget_type=\"button.default\">\n\t\t\t\t\t\t\t\t\t\t<a class=\"elementor-button elementor-size-sm\" role=\"button\">\n\t\t\t\t\t\t<span class=\"elementor-button-content-wrapper\">\n\t\t\t\t\t\t\t\t\t<span class=\"elementor-button-text\">formation@optv-acad\u00e9mie.fr<\/span>\n\t\t\t\t\t<\/span>\n\t\t\t\t\t<\/a>\n\t\t\t\t\t\t\t\t<\/div>\n\t\t\t\t<div class=\"elementor-element elementor-element-526a290b elementor-align-left elementor-widget elementor-widget-button\" data-id=\"526a290b\" data-element_type=\"widget\" data-widget_type=\"button.default\">\n\t\t\t\t\t\t\t\t\t\t<a class=\"elementor-button elementor-size-sm\" role=\"button\">\n\t\t\t\t\t\t<span class=\"elementor-button-content-wrapper\">\n\t\t\t\t\t\t\t\t\t<span class=\"elementor-button-text\">8 Boulevard de la Lib\u00e9ration  93200 Saint- Denis<\/span>\n\t\t\t\t\t<\/span>\n\t\t\t\t\t<\/a>\n\t\t\t\t\t\t\t\t<\/div>\n\t\t\t\t<div class=\"elementor-element elementor-element-4ade448f elementor-align-justify elementor-widget elementor-widget-button\" data-id=\"4ade448f\" data-element_type=\"widget\" data-widget_type=\"button.default\">\n\t\t\t\t\t\t\t\t\t\t<a class=\"elementor-button elementor-size-sm\" role=\"button\">\n\t\t\t\t\t\t<span class=\"elementor-button-content-wrapper\">\n\t\t\t\t\t\t\t\t\t<span class=\"elementor-button-text\">42 rue Raspail 97110 Pointe-\u00e0-Pitre<\/span>\n\t\t\t\t\t<\/span>\n\t\t\t\t\t<\/a>\n\t\t\t\t\t\t\t\t<\/div>\n\t\t\t\t<div class=\"elementor-element elementor-element-5326e03d e-grid-align-left elementor-widget__width-initial elementor-shape-rounded elementor-grid-0 elementor-widget elementor-widget-social-icons\" data-id=\"5326e03d\" data-element_type=\"widget\" data-widget_type=\"social-icons.default\">\n\t\t\t\t\t\t\t<div class=\"elementor-social-icons-wrapper elementor-grid\" role=\"list\">\n\t\t\t\t\t\t\t<span class=\"elementor-grid-item\" role=\"listitem\">\n\t\t\t\t\t<a class=\"elementor-icon elementor-social-icon elementor-social-icon-instagram elementor-repeater-item-e9ea05a\" href=\"https:\/\/www.instagram.com\/optvacademie?utm_source=ig_web_button_share_sheet&#038;igsh=ZDNlZDc0MzIxNw==\" target=\"_blank\">\n\t\t\t\t\t\t<span class=\"elementor-screen-only\">Instagram<\/span>\n\t\t\t\t\t\t<svg aria-hidden=\"true\" class=\"e-font-icon-svg e-fab-instagram\" viewBox=\"0 0 448 512\" xmlns=\"http:\/\/www.w3.org\/2000\/svg\"><path d=\"M224.1 141c-63.6 0-114.9 51.3-114.9 114.9s51.3 114.9 114.9 114.9S339 319.5 339 255.9 287.7 141 224.1 141zm0 189.6c-41.1 0-74.7-33.5-74.7-74.7s33.5-74.7 74.7-74.7 74.7 33.5 74.7 74.7-33.6 74.7-74.7 74.7zm146.4-194.3c0 14.9-12 26.8-26.8 26.8-14.9 0-26.8-12-26.8-26.8s12-26.8 26.8-26.8 26.8 12 26.8 26.8zm76.1 27.2c-1.7-35.9-9.9-67.7-36.2-93.9-26.2-26.2-58-34.4-93.9-36.2-37-2.1-147.9-2.1-184.9 0-35.8 1.7-67.6 9.9-93.9 36.1s-34.4 58-36.2 93.9c-2.1 37-2.1 147.9 0 184.9 1.7 35.9 9.9 67.7 36.2 93.9s58 34.4 93.9 36.2c37 2.1 147.9 2.1 184.9 0 35.9-1.7 67.7-9.9 93.9-36.2 26.2-26.2 34.4-58 36.2-93.9 2.1-37 2.1-147.8 0-184.8zM398.8 388c-7.8 19.6-22.9 34.7-42.6 42.6-29.5 11.7-99.5 9-132.1 9s-102.7 2.6-132.1-9c-19.6-7.8-34.7-22.9-42.6-42.6-11.7-29.5-9-99.5-9-132.1s-2.6-102.7 9-132.1c7.8-19.6 22.9-34.7 42.6-42.6 29.5-11.7 99.5-9 132.1-9s102.7-2.6 132.1 9c19.6 7.8 34.7 22.9 42.6 42.6 11.7 29.5 9 99.5 9 132.1s2.7 102.7-9 132.1z\"><\/path><\/svg>\t\t\t\t\t<\/a>\n\t\t\t\t<\/span>\n\t\t\t\t\t\t\t<span class=\"elementor-grid-item\" role=\"listitem\">\n\t\t\t\t\t<a class=\"elementor-icon elementor-social-icon elementor-social-icon-linkedin elementor-repeater-item-1a470b9\" href=\"https:\/\/www.linkedin.com\/in\/optv-op-academie-5b8625385\/\" target=\"_blank\">\n\t\t\t\t\t\t<span class=\"elementor-screen-only\">Linkedin<\/span>\n\t\t\t\t\t\t<svg aria-hidden=\"true\" class=\"e-font-icon-svg e-fab-linkedin\" viewBox=\"0 0 448 512\" xmlns=\"http:\/\/www.w3.org\/2000\/svg\"><path d=\"M416 32H31.9C14.3 32 0 46.5 0 64.3v383.4C0 465.5 14.3 480 31.9 480H416c17.6 0 32-14.5 32-32.3V64.3c0-17.8-14.4-32.3-32-32.3zM135.4 416H69V202.2h66.5V416zm-33.2-243c-21.3 0-38.5-17.3-38.5-38.5S80.9 96 102.2 96c21.2 0 38.5 17.3 38.5 38.5 0 21.3-17.2 38.5-38.5 38.5zm282.1 243h-66.4V312c0-24.8-.5-56.7-34.5-56.7-34.6 0-39.9 27-39.9 54.9V416h-66.4V202.2h63.7v29.2h.9c8.9-16.8 30.6-34.5 62.9-34.5 67.2 0 79.7 44.3 79.7 101.9V416z\"><\/path><\/svg>\t\t\t\t\t<\/a>\n\t\t\t\t<\/span>\n\t\t\t\t\t<\/div>\n\t\t\t\t\t\t<\/div>\n\t\t\t\t<\/div>\n\t\t<div class=\"elementor-element elementor-element-736700e4 e-con-full e-flex wpr-particle-no wpr-jarallax-no wpr-parallax-no wpr-sticky-section-no e-con e-child\" data-id=\"736700e4\" data-element_type=\"container\">\n\t\t\t\t<\/div>\n\t\t\t\t<\/div>\n\t\t\t\t<\/div>\n\t\t","protected":false},"excerpt":{"rendered":"<p>L\u2019alternance Plonger dans le monde de l\u2019aternance L\u2019alternance chez OPTV Acad\u00e9mie \u00c0 OPTV Acad\u00e9mie, l\u2019alternance est bien plus qu\u2019un mode d\u2019apprentissage : c\u2019est une exp\u00e9rience professionnelle \u00e0 part enti\u00e8re.\u2028 Elle permet de conjuguer th\u00e9orie et pratique, en alternant les cours dispens\u00e9s par des formateurs issus du milieu audiovisuel et des p\u00e9riodes en entreprise.\u2028 Cette approche concr\u00e8te forme des \u00e9tudiants autonomes, rigoureux et op\u00e9rationnels d\u00e8s la sortie de l\u2019\u00e9cole. Les formations \u2014 du BTS au Mast\u00e8re \u2014 sont toutes accessibles en alternance, offrant ainsi une v\u00e9ritable passerelle entre les \u00e9tudes et l\u2019emploi. Un accompagnement individuel vers la r\u00e9ussite OPTV Acad\u00e9mie accompagne chaque \u00e9tudiant dans la recherche et la signature de son contrat d\u2019alternance.\u2028 L\u2019\u00e9quipe p\u00e9dagogique et le service alternance proposent : * Des ateliers de pr\u00e9paration (CV, lettre, entretien). * Un suivi personnalis\u00e9 jusqu\u2019\u00e0 la signature du contrat. * L\u2019acc\u00e8s \u00e0 un r\u00e9seau d\u2019entreprises partenaires du cin\u00e9ma, de la t\u00e9l\u00e9vision, de la production, de la communication ou de l\u2019\u00e9v\u00e9nementiel. Chaque parcours est construit sur mesure, pour que l\u2019entreprise corresponde au projet professionnel de l\u2019\u00e9tudiant. Un rythme adapt\u00e9 \u00e0 chaque formation Le rythme de l\u2019alternance varie selon la formation suivie.\u2028Les \u00e9tudiants partagent leur temps entre le campus (cours th\u00e9oriques, travaux pratiques, tournages) et leur entreprise d\u2019accueil, o\u00f9 ils appliquent imm\u00e9diatement ce qu\u2019ils apprennent.\u2028Cette alternance entre savoirs et exp\u00e9rience permet de d\u00e9velopper une compr\u00e9hension globale des m\u00e9tiers de l\u2019audiovisuel. Une formation r\u00e9mun\u00e9r\u00e9e et reconnue L\u2019alternance est un v\u00e9ritable tremplin professionnel.\u2028 Les frais de formation sont enti\u00e8rement pris en charge par l\u2019entreprise, et l\u2019\u00e9tudiant per\u00e7oit un salaire mensuel selon son \u00e2ge et son niveau d\u2019\u00e9tudes.\u2028 Le dipl\u00f4me obtenu est identique \u00e0 celui de la formation initiale : il est reconnu par l\u2019\u00c9tat et inscrit au RNCP, avec 60 cr\u00e9dits ECTS par ann\u00e9e valid\u00e9e. \u201c\u00c0 OPTV Acad\u00e9mie, l\u2019alternance, c\u2019est la garantie d\u2019un parcours gratuit, r\u00e9mun\u00e9r\u00e9 et professionnalisant.\u201d OPTV Acad\u00e9mie, fond\u00e9e en 2025 par OP T\u00e9l\u00e9vision, est un centre de formation innovant qui combine expertise p\u00e9dagogique et immersion professionnelle dans le secteur de l\u2019audiovisuel. L\u2019acad\u00e9mie r\u00e9pond \u00e0 un besoin croissant : offrir aux jeunes talents une formation de qualit\u00e9, ax\u00e9e sur les m\u00e9tiers de l\u2019image, de la production, du montage et de la postproduction, tout en favorisant leur insertion rapide sur le march\u00e9 du travail. LIENS RAPIDES : BTS Bachelors Mast\u00e8res Masters CONTACT : formation@optv-acad\u00e9mie.fr 8 Boulevard de la Lib\u00e9ration 93200 Saint- Denis 42 rue Raspail 97110 Pointe-\u00e0-Pitre Instagram Linkedin<\/p>\n","protected":false},"author":1,"featured_media":46,"parent":0,"menu_order":0,"comment_status":"closed","ping_status":"closed","template":"","meta":{"site-sidebar-layout":"no-sidebar","site-content-layout":"","ast-site-content-layout":"full-width-container","site-content-style":"unboxed","site-sidebar-style":"unboxed","ast-global-header-display":"","ast-banner-title-visibility":"disabled","ast-main-header-display":"","ast-hfb-above-header-display":"","ast-hfb-below-header-display":"","ast-hfb-mobile-header-display":"","site-post-title":"disabled","ast-breadcrumbs-content":"disabled","ast-featured-img":"disabled","footer-sml-layout":"disabled","theme-transparent-header-meta":"default","adv-header-id-meta":"","stick-header-meta":"","header-above-stick-meta":"","header-main-stick-meta":"","header-below-stick-meta":"","astra-migrate-meta-layouts":"set","ast-page-background-enabled":"default","ast-page-background-meta":{"desktop":{"background-color":"var(--ast-global-color-5)","background-image":"","background-repeat":"repeat","background-position":"center center","background-size":"auto","background-attachment":"scroll","background-type":"","background-media":"","overlay-type":"","overlay-color":"","overlay-opacity":"","overlay-gradient":""},"tablet":{"background-color":"","background-image":"","background-repeat":"repeat","background-position":"center center","background-size":"auto","background-attachment":"scroll","background-type":"","background-media":"","overlay-type":"","overlay-color":"","overlay-opacity":"","overlay-gradient":""},"mobile":{"background-color":"","background-image":"","background-repeat":"repeat","background-position":"center center","background-size":"auto","background-attachment":"scroll","background-type":"","background-media":"","overlay-type":"","overlay-color":"","overlay-opacity":"","overlay-gradient":""}},"ast-content-background-meta":{"desktop":{"background-color":"var(--ast-global-color-4)","background-image":"","background-repeat":"repeat","background-position":"center center","background-size":"auto","background-attachment":"scroll","background-type":"","background-media":"","overlay-type":"","overlay-color":"","overlay-opacity":"","overlay-gradient":""},"tablet":{"background-color":"var(--ast-global-color-4)","background-image":"","background-repeat":"repeat","background-position":"center center","background-size":"auto","background-attachment":"scroll","background-type":"","background-media":"","overlay-type":"","overlay-color":"","overlay-opacity":"","overlay-gradient":""},"mobile":{"background-color":"var(--ast-global-color-4)","background-image":"","background-repeat":"repeat","background-position":"center center","background-size":"auto","background-attachment":"scroll","background-type":"","background-media":"","overlay-type":"","overlay-color":"","overlay-opacity":"","overlay-gradient":""}},"footnotes":""},"class_list":["post-535","page","type-page","status-publish","has-post-thumbnail","hentry"],"_links":{"self":[{"href":"https:\/\/optvacademie.fr\/index.php\/wp-json\/wp\/v2\/pages\/535","targetHints":{"allow":["GET"]}}],"collection":[{"href":"https:\/\/optvacademie.fr\/index.php\/wp-json\/wp\/v2\/pages"}],"about":[{"href":"https:\/\/optvacademie.fr\/index.php\/wp-json\/wp\/v2\/types\/page"}],"author":[{"embeddable":true,"href":"https:\/\/optvacademie.fr\/index.php\/wp-json\/wp\/v2\/users\/1"}],"replies":[{"embeddable":true,"href":"https:\/\/optvacademie.fr\/index.php\/wp-json\/wp\/v2\/comments?post=535"}],"version-history":[{"count":17,"href":"https:\/\/optvacademie.fr\/index.php\/wp-json\/wp\/v2\/pages\/535\/revisions"}],"predecessor-version":[{"id":1473,"href":"https:\/\/optvacademie.fr\/index.php\/wp-json\/wp\/v2\/pages\/535\/revisions\/1473"}],"wp:featuredmedia":[{"embeddable":true,"href":"https:\/\/optvacademie.fr\/index.php\/wp-json\/wp\/v2\/media\/46"}],"wp:attachment":[{"href":"https:\/\/optvacademie.fr\/index.php\/wp-json\/wp\/v2\/media?parent=535"}],"curies":[{"name":"wp","href":"https:\/\/api.w.org\/{rel}","templated":true}]}}